{"id":250,"date":"2012-04-26T11:33:03","date_gmt":"2012-04-26T09:33:03","guid":{"rendered":"https:\/\/www.crossborderarchives.eu\/?page_id=250"},"modified":"2015-02-04T11:12:32","modified_gmt":"2015-02-04T10:12:32","slug":"project-activities-on-austrian-side","status":"publish","type":"page","link":"https:\/\/www.crossborderarchives.eu\/sk\/our-goals\/project-activities-on-austrian-side\/","title":{"rendered":"Arch\u00edvne dokumenty AT"},"content":{"rendered":"<p>&nbsp;<\/p>\n<h6 style=\"padding-left: 30px\"><\/h6>\n<h6 style=\"text-align: justify;padding-left: 30px\"><span style=\"color: #000000\"><strong><a href=\"https:\/\/www.crossborderarchives.eu\/files\/2012\/04\/ActivitiesAustria.jpg\"><img loading=\"lazy\" decoding=\"async\" class=\"aligncenter size-full wp-image-2596\" src=\"https:\/\/www.crossborderarchives.eu\/files\/2012\/04\/ActivitiesAustria.jpg\" alt=\"OLYMPUS DIGITAL CAMERA\" width=\"780\" height=\"235\" srcset=\"https:\/\/www.crossborderarchives.eu\/wp-content\/uploads\/2012\/04\/ActivitiesAustria.jpg 780w, https:\/\/www.crossborderarchives.eu\/wp-content\/uploads\/2012\/04\/ActivitiesAustria-300x90.jpg 300w\" sizes=\"(max-width: 780px) 100vw, 780px\" \/><\/a><\/strong><\/span><\/h6>\n<h6 style=\"padding-left: 30px\"><strong><span style=\"color: #800000\">RAK\u00daSKY \u0160T\u00c1TNY ARCH\u00cdV<\/span> <\/strong><\/h6>\n<h6 style=\"text-align: justify;padding-left: 30px\"><\/h6>\n<p style=\"text-align: justify;padding-left: 30px\"><span style=\"color: #000000\"><strong>&#8230;sa bude zaobera\u0165 digitaliz\u00e1ciou vojensk\u00fdch matr\u00edk vz\u0165ahuj\u00facich sa aj na oblas\u0165 Slovenska.<\/strong><\/span><\/p>\n<p style=\"text-align: justify;padding-left: 30px\"><span style=\"color: #000000\">Ve\u013ek\u00e9 mno\u017estvo matr\u00edk, predov\u0161etk\u00fdm v rokoch 1918 &#8211; 1920 bolo ulo\u017een\u00fdch vo vojenskom vikari\u00e1te vo Viedni. Digitaliz\u00e1cia\u00a0t\u00fdchto matr\u00edk,\u00a0ktor\u00e9 obsahuj\u00fa\u00a0d\u00f4le\u017eit\u00e9\u00a0 inform\u00e1cie\u00a0o\u00a0slovensko-rak\u00faskom\u00a0pohrani\u010dnom\u00a0regi\u00f3ne\u00a0a ich uverejnenie\u00a0na internete,\u00a0umo\u017en\u00ed\u00a0podstatn\u00fd\u00a0pokrok\u00a0v <a href=\"https:\/\/www.crossborderarchives.eu\/files\/2012\/04\/IMG680-\u00d6StA-Matr.-AB-0601-Trauungsbuch-J.-1875.png\"><img loading=\"lazy\" decoding=\"async\" class=\"alignleft  wp-image-1360\" src=\"https:\/\/www.crossborderarchives.eu\/files\/2012\/04\/IMG680-\u00d6StA-Matr.-AB-0601-Trauungsbuch-J.-1875-300x225.png\" alt=\"\" width=\"198\" height=\"151\" \/><\/a>oblasti cezhrani\u010dnej v\u00fdmeny inform\u00e1ci\u00ed.<\/span><\/p>\n<p style=\"text-align: justify;padding-left: 30px\"><span style=\"color: #000000\">Vojensk\u00e9 matriky obsahuj\u00fa tieto inform\u00e1cie:<\/span><\/p>\n<ul style=\"text-align: justify;padding-left: 30px\">\n<li style=\"padding-left: 30px\"><span style=\"color: #000000\">\u00a0detailn\u00e9 osobn\u00e9 \u00fadaje<\/span><\/li>\n<li style=\"padding-left: 30px\"><span style=\"color: #000000\">inform\u00e1cie o\u00a0krste, uzavret\u00ed man\u017eelstva, pr\u00edpadne d\u00e1tum \u00famrtia. Tieto inform\u00e1cie sa pov\u00e4\u010d\u0161ine vz\u0165ahuj\u00fa na vojensk\u00fd person\u00e1l, ich man\u017eelky a\u00a0deti.<\/span><\/li>\n<\/ul>\n<h6 style=\"text-align: justify;padding-left: 30px\"><span style=\"color: #000000\"><strong><span style=\"color: #800000\">ICARUS &#8211; International Centre for Archival Research<\/span><\/strong><\/span><\/h6>\n<p>&nbsp;<\/p>\n<p style=\"text-align: justify;padding-left: 30px\"><span style=\"color: #000000\"><strong>&#8230;sa venuje digitaliz\u00e1cii vybran\u00fdch matr\u00edk katol\u00edckej cirkvi do roku 1938, ktor\u00e9 s\u00fa jedine\u010dn\u00fdm prostriedkom rozvoja cezhrani\u010dnej spolupr\u00e1ce.<\/strong><\/span><\/p>\n<p style=\"text-align: justify;padding-left: 30px\"><span style=\"color: #000000\"><a href=\"https:\/\/www.crossborderarchives.eu\/files\/2012\/04\/matrikula_Langenlois_123-1_1612_1630_211_S_0127.png\"><img loading=\"lazy\" decoding=\"async\" class=\"alignright  wp-image-1519\" src=\"https:\/\/www.crossborderarchives.eu\/files\/2012\/04\/matrikula_Langenlois_123-1_1612_1630_211_S_0127-300x221.png\" alt=\"\" width=\"210\" height=\"157\" \/><\/a>A\u017e\u00a0do druhej\u00a0svetovej\u00a0vojny\u00a0takmer\u00a095% \u013eud\u00ed\u00a0\u017eij\u00facich na \u00fazem\u00ed slovensko\u00a0-rak\u00faskeho\u00a0pohrani\u010dia\u00a0boli\u00a0katol\u00edci.\u00a0Napr\u00edklad\u00a0takmer cel\u00e1 popul\u00e1cia Viedne od\u00a016. storo\u010dia\u00a0a\u017e do 20.\u00a0storo\u010dia je zap\u00edsan\u00e1\u00a0(rok\u00a0narodenia,\u00a0 uzavretie man\u017eelstva, rok\u00a0\u00famrtia)\u00a0v cirkevn\u00fdch matrik\u00e1ch.\u00a0\u017diadne in\u00e9 dokumenty nie s\u00fa schopn\u00e9 poskytn\u00fa\u0165 tieto inform\u00e1cie v\u00a0takom komplexnom obraze.<\/span><\/p>\n<p style=\"text-align: justify;padding-left: 30px\"><span style=\"color: #000000\">Viede\u0148 ako b\u00fdval\u00e9 hlavn\u00e9 a\u00a0reziden\u010dn\u00e9 mesto habsburskej monarchie bola domovom pre ve\u013ek\u00e9 mno\u017estvo imigrantov predov\u0161etk\u00fdm\u00a0 z horn\u00e9ho Uhorska a\u00a0dne\u0161n\u00e9ho Slovenska. Mnoho dne\u0161n\u00fdch obyvate\u013eov Viedne a\u00a0jej bl\u00edzkeho okolia maj\u00fa svoje korene za hranicami krajiny. Na z\u00e1klade tohto projektu bude teda mo\u017en\u00e9 pre obyvate\u013eov jednej aj druhej krajiny presk\u00fama\u0165 identitu svojich rod\u00edn.<\/span><\/p>\n<h6 style=\"text-align: justify;padding-left: 30px\"><strong><a href=\"https:\/\/www.crossborderarchives.eu\/files\/2012\/04\/Franzis.Katatser-Kopie.jpg\"><img loading=\"lazy\" decoding=\"async\" class=\" wp-image-2325 alignleft\" src=\"https:\/\/www.crossborderarchives.eu\/files\/2012\/04\/Franzis.Katatser-Kopie.jpg\" alt=\"Franzis.Katatser - Kopie\" width=\"290\" height=\"244\" srcset=\"https:\/\/www.crossborderarchives.eu\/wp-content\/uploads\/2012\/04\/Franzis.Katatser-Kopie.jpg 807w, https:\/\/www.crossborderarchives.eu\/wp-content\/uploads\/2012\/04\/Franzis.Katatser-Kopie-300x252.jpg 300w\" sizes=\"(max-width: 290px) 100vw, 290px\" \/><\/a><\/strong><span style=\"color: #800000\"><strong>SPOLO\u010cNOS\u0164 DEJINY DOLN\u00c9HO RAK\u00daSKA (sa v \u00fazkej spolupr\u00e1ci s Dolnorak\u00faskym krajinsk\u00fdm<\/strong> <\/span><strong><span style=\"color: #800000\">arch\u00edvom)<\/span> <\/strong><\/h6>\n<p style=\"padding-left: 60px\"><strong>&#8230;venuj\u00fa spracovaniu tzv. Franti\u0161kovho katastra, ktor\u00fd bol prv\u00fdm kompletn\u00fdm da\u0148ov\u00fdm<\/strong> <strong>katastrom Rak\u00faska a m\u00f4\u017ee by\u0165 pova\u017eovan\u00fd\u00a0 za priameho predchodcu modern\u00fdch pozemkov\u00fdch kn\u00edh.<\/strong><\/p>\n<p style=\"padding-left: 30px;text-align: justify\"><span style=\"color: #000000\">Prv\u00e9 organizovan\u00e9 pr\u00edpravy pre kataster za\u010dali\u00a0 v roku 1806. Vlastn\u00e9 mapovanie v Dolnom Rak\u00fasku <\/span><\/p>\n<p><span style=\"color: #000000\">sa uskuto\u010dnilo v rokoch 1817\u20131821 a bolo zhotoven\u00e9 v mierke 1 . 2880 \/ od 1 colu-palca\u00a0 ku 40 siaham\/.<\/span><\/p>\n<p>&nbsp;<\/p>\n<p style=\"padding-left: 30px\"><span style=\"color: #000000\">Dokonca aj po ofici\u00e1lnom ukon\u010den\u00ed projektu v j\u00fani 2014 nov\u00e9 dokumenty pohrani\u010dia Slovensko-Rak\u00fasko aj na\u010falej vykona\u0165 on-line na platforme crossborderarchives. <a href=\"https:\/\/www.crossborderarchives.eu\/sk\/our-goals\/research\/\" target=\"_blank\">Na platforme &gt;&gt;&gt;<\/a><\/span><\/p>\n<p style=\"padding-left: 30px\"><span style=\"color: #000000\">\u00a0<\/span><\/p>\n<p style=\"padding-left: 30px\"><span style=\"color: #000000\">\u00a0<\/span><\/p>\n<p><\/p>","protected":false},"excerpt":{"rendered":"<p>&nbsp; RAK\u00daSKY \u0160T\u00c1TNY ARCH\u00cdV &#8230;sa bude zaobera\u0165 digitaliz\u00e1ciou vojensk\u00fdch matr\u00edk vz\u0165ahuj\u00facich sa aj na oblas\u0165 Slovenska. Ve\u013ek\u00e9 mno\u017estvo matr\u00edk, predov\u0161etk\u00fdm v rokoch 1918 &#8211; 1920 bolo ulo\u017een\u00fdch vo vojenskom vikari\u00e1te vo Viedni. Digitaliz\u00e1cia\u00a0t\u00fdchto matr\u00edk,\u00a0ktor\u00e9 obsahuj\u00fa\u00a0d\u00f4le\u017eit\u00e9\u00a0 inform\u00e1cie\u00a0o\u00a0slovensko-rak\u00faskom\u00a0pohrani\u010dnom\u00a0regi\u00f3ne\u00a0a ich uverejnenie\u00a0na internete,\u00a0umo\u017en\u00ed\u00a0podstatn\u00fd\u00a0pokrok\u00a0v oblasti cezhrani\u010dnej v\u00fdmeny inform\u00e1ci\u00ed. Vojensk\u00e9 matriky obsahuj\u00fa tieto inform\u00e1cie: \u00a0detailn\u00e9 osobn\u00e9 \u00fadaje inform\u00e1cie o\u00a0krste, uzavret\u00ed man\u017eelstva, [&hellip;]<\/p>\n","protected":false},"author":2,"featured_media":0,"parent":206,"menu_order":4,"comment_status":"closed","ping_status":"closed","template":"","meta":{"footnotes":""},"_links":{"self":[{"href":"https:\/\/www.crossborderarchives.eu\/sk\/wp-json\/wp\/v2\/pages\/250"}],"collection":[{"href":"https:\/\/www.crossborderarchives.eu\/sk\/wp-json\/wp\/v2\/pages"}],"about":[{"href":"https:\/\/www.crossborderarchives.eu\/sk\/wp-json\/wp\/v2\/types\/page"}],"author":[{"embeddable":true,"href":"https:\/\/www.crossborderarchives.eu\/sk\/wp-json\/wp\/v2\/users\/2"}],"replies":[{"embeddable":true,"href":"https:\/\/www.crossborderarchives.eu\/sk\/wp-json\/wp\/v2\/comments?post=250"}],"version-history":[{"count":121,"href":"https:\/\/www.crossborderarchives.eu\/sk\/wp-json\/wp\/v2\/pages\/250\/revisions"}],"predecessor-version":[{"id":252,"href":"https:\/\/www.crossborderarchives.eu\/sk\/wp-json\/wp\/v2\/pages\/250\/revisions\/252"}],"up":[{"embeddable":true,"href":"https:\/\/www.crossborderarchives.eu\/sk\/wp-json\/wp\/v2\/pages\/206"}],"wp:attachment":[{"href":"https:\/\/www.crossborderarchives.eu\/sk\/wp-json\/wp\/v2\/media?parent=250"}],"curies":[{"name":"wp","href":"https:\/\/api.w.org\/{rel}","templated":true}]}}