{"id":244,"date":"2012-04-26T11:27:11","date_gmt":"2012-04-26T09:27:11","guid":{"rendered":"https:\/\/www.crossborderarchives.eu\/?page_id=244"},"modified":"2015-02-04T11:02:23","modified_gmt":"2015-02-04T10:02:23","slug":"project-activities-on-slovakian-side","status":"publish","type":"page","link":"https:\/\/www.crossborderarchives.eu\/sk\/our-goals\/project-activities-on-slovakian-side\/","title":{"rendered":"Arch\u00edvne dokumenty SK"},"content":{"rendered":"<p><\/p>\n<h6 style=\"padding-left: 30px\"><span style=\"color: #800000\"><strong><a href=\"https:\/\/www.crossborderarchives.eu\/files\/2012\/04\/msvr3_img250.png\"><img loading=\"lazy\" decoding=\"async\" class=\"aligncenter size-full wp-image-2599\" src=\"https:\/\/www.crossborderarchives.eu\/files\/2012\/04\/msvr3_img250.png\" alt=\"msvr3_img250\" width=\"780\" height=\"235\" srcset=\"https:\/\/www.crossborderarchives.eu\/wp-content\/uploads\/2012\/04\/msvr3_img250.png 780w, https:\/\/www.crossborderarchives.eu\/wp-content\/uploads\/2012\/04\/msvr3_img250-300x90.png 300w\" sizes=\"(max-width: 780px) 100vw, 780px\" \/><\/a>ARCH\u00cdVNE DOKUMENTY O\u00a0MESTSKEJ SPR\u00c1VE V BRATISLAVE<\/strong><\/span><\/h6>\n<p style=\"text-align: justify;padding-left: 30px\"><span style=\"color: #000000\"><strong>Dokumenty obsahuj\u00fa kompletn\u00fa zbierku \u00faradn\u00fdch dokumentov mestskej spr\u00e1vy v\u00a0Bratislave, napr\u00edklad: \u00a0 \u00a0\u00a0<\/strong><\/span><\/p>\n<ul style=\"text-align: justify;padding-left: 30px\">\n<li style=\"padding-left: 30px\"><span style=\"color: #000000\">z\u00e1pisnice zo zasadnut\u00ed Mestskej rady 1402 &#8211; 1900<\/span><\/li>\n<li style=\"padding-left: 30px\"><span style=\"color: #000000\">\u00fa\u010dtovn\u00e9 knihy<\/span><\/li>\n<li style=\"padding-left: 30px\"><span style=\"color: #000000\">s\u00fadne spisy<\/span><\/li>\n<\/ul>\n<h6 style=\"text-align: justify;padding-left: 30px\"><span style=\"color: #800000\"><strong><strong>P\u00cdSOMN\u00c9 PRAMENE O HISTORICK\u00ddCH REGI\u00d3NOCH SLOVENSKO &#8211; RAK\u00daSKEHO POHRANI\u010cIA<\/strong><\/strong><\/span><\/h6>\n<p style=\"text-align: justify;padding-left: 30px\"><span style=\"color: #800000\"><strong>\u0160t\u00e1tny arch\u00edv v Bratislave<\/strong><\/span><\/p>\n<p style=\"text-align: justify;padding-left: 30px\"><span style=\"color: #000000\"><strong>\u0160t\u00e1tny arch\u00edv v\u00a0Bratislave ochra\u0148uje arch\u00edvne dokumenty od polovice 13. storo\u010dia. <\/strong><strong>Vo vlastnostiach projektu z fondov kraja s\u00fa preva\u017ene Bratislava I (1398-1922) digitalizovan\u00e1, napr\u00edklad:<\/strong><\/span><\/p>\n<ul style=\"text-align: justify;padding-left: 30px\">\n<li style=\"padding-left: 30px\"><span style=\"color: #000000\">protokoly zo zasadnutie \u017eupnej \u0161\u013eachty<\/span><\/li>\n<li style=\"padding-left: 30px\"><span style=\"color: #000000\">dokumenty o\u00a0vojensk\u00fdch z\u00e1le\u017eitostiach<\/span><\/li>\n<li style=\"padding-left: 30px\"><span style=\"color: #000000\">da\u0148ov\u00e9 z\u00e1le\u017eitosti<\/span><\/li>\n<li style=\"padding-left: 30px\"><span style=\"color: #000000\">inform\u00e1cie o architekt\u00fare<\/span><\/li>\n<li style=\"padding-left: 30px\"><span style=\"color: #000000\">Inform\u00e1cie o\u00a0obchodnom styku medzi Slovenskom a Rak\u00faskom<\/span><\/li>\n<li style=\"padding-left: 30px\"><span style=\"color: #000000\">\u00fadaje o\u00a0migr\u00e1cii obyvate\u013eov<\/span><\/li>\n<li style=\"padding-left: 30px\"><span style=\"color: #000000\">Vlastn\u00edctvo panstiev<\/span><\/li>\n<li style=\"padding-left: 30px\"><span style=\"color: #000000\">Vojensk\u00e9 z\u00e1le\u017eitosti a\u00a0\u00fadaje o\u00a0dezercii z arm\u00e1dy<\/span><\/li>\n<li style=\"padding-left: 30px\"><span style=\"color: #000000\">rie\u010dna doprava a\u00a0z\u00e1plavy na riekach Dunaj a Morava<\/span><\/li>\n<li style=\"padding-left: 30px\"><span style=\"color: #000000\">inform\u00e1cie o r\u00f4znych cechoch<\/span><\/li>\n<\/ul>\n<p style=\"padding-left: 30px;text-align: justify\"><span id=\"result_box\" class=\"\" lang=\"sk\" style=\"color: #000000\"><span class=\"hps\">Dokonca<\/span> <span class=\"hps\">aj po<\/span> <span class=\"hps\">ofici\u00e1lnom ukon\u010den\u00ed<\/span> <span class=\"hps\">projektu<\/span> <span class=\"hps\">v<\/span> <span class=\"hps\">j\u00fani<\/span> <span class=\"hps\">2014<\/span> <span class=\"hps\">nov\u00e9 dokumenty<\/span> <span class=\"hps\">pohrani\u010dia<\/span> <span class=\"hps\">Slovensko<\/span><span class=\"\">&#8211;<\/span><span class=\"hps\">Rak\u00fasko<\/span> <span class=\"hps\">aj<\/span> <span class=\"hps\">na\u010falej<\/span> <span class=\"hps\">vykona\u0165 on<\/span><span class=\"atn\">&#8211;<\/span><span class=\"\">line<\/span> <span class=\"hps\">na<\/span> <span class=\"hps\">platforme crossborderarchives<\/span>. <a href=\"https:\/\/www.crossborderarchives.eu\/sk\/our-goals\/research\/\" target=\"_blank\">Na platforme &gt;&gt;&gt;<\/a><\/span><\/p>\n<p><\/p>","protected":false},"excerpt":{"rendered":"<p>ARCH\u00cdVNE DOKUMENTY O\u00a0MESTSKEJ SPR\u00c1VE V BRATISLAVE Dokumenty obsahuj\u00fa kompletn\u00fa zbierku \u00faradn\u00fdch dokumentov mestskej spr\u00e1vy v\u00a0Bratislave, napr\u00edklad: \u00a0 \u00a0\u00a0 z\u00e1pisnice zo zasadnut\u00ed Mestskej rady 1402 &#8211; 1900 \u00fa\u010dtovn\u00e9 knihy s\u00fadne spisy P\u00cdSOMN\u00c9 PRAMENE O HISTORICK\u00ddCH REGI\u00d3NOCH SLOVENSKO &#8211; RAK\u00daSKEHO POHRANI\u010cIA \u0160t\u00e1tny arch\u00edv v Bratislave \u0160t\u00e1tny arch\u00edv v\u00a0Bratislave ochra\u0148uje arch\u00edvne dokumenty od polovice 13. storo\u010dia. Vo vlastnostiach [&hellip;]<\/p>\n","protected":false},"author":2,"featured_media":0,"parent":206,"menu_order":5,"comment_status":"closed","ping_status":"closed","template":"","meta":{"footnotes":""},"_links":{"self":[{"href":"https:\/\/www.crossborderarchives.eu\/sk\/wp-json\/wp\/v2\/pages\/244"}],"collection":[{"href":"https:\/\/www.crossborderarchives.eu\/sk\/wp-json\/wp\/v2\/pages"}],"about":[{"href":"https:\/\/www.crossborderarchives.eu\/sk\/wp-json\/wp\/v2\/types\/page"}],"author":[{"embeddable":true,"href":"https:\/\/www.crossborderarchives.eu\/sk\/wp-json\/wp\/v2\/users\/2"}],"replies":[{"embeddable":true,"href":"https:\/\/www.crossborderarchives.eu\/sk\/wp-json\/wp\/v2\/comments?post=244"}],"version-history":[{"count":75,"href":"https:\/\/www.crossborderarchives.eu\/sk\/wp-json\/wp\/v2\/pages\/244\/revisions"}],"predecessor-version":[{"id":2888,"href":"https:\/\/www.crossborderarchives.eu\/sk\/wp-json\/wp\/v2\/pages\/244\/revisions\/2888"}],"up":[{"embeddable":true,"href":"https:\/\/www.crossborderarchives.eu\/sk\/wp-json\/wp\/v2\/pages\/206"}],"wp:attachment":[{"href":"https:\/\/www.crossborderarchives.eu\/sk\/wp-json\/wp\/v2\/media?parent=244"}],"curies":[{"name":"wp","href":"https:\/\/api.w.org\/{rel}","templated":true}]}}