{"id":238,"date":"2012-04-26T11:20:43","date_gmt":"2012-04-26T09:20:43","guid":{"rendered":"https:\/\/www.crossborderarchives.eu\/?page_id=238"},"modified":"2013-09-13T09:40:51","modified_gmt":"2013-09-13T07:40:51","slug":"icarus-international-centre-for-archival-research","status":"publish","type":"page","link":"https:\/\/www.crossborderarchives.eu\/sk\/our-goals\/project-partners-2\/icarus-international-centre-for-archival-research\/","title":{"rendered":"ICARUS"},"content":{"rendered":"<p><\/p>\n<h6 style=\"text-align: justify;padding-left: 30px\"><a href=\"https:\/\/www.crossborderarchives.eu\/files\/2012\/04\/Europa_blaugrau_big.png\"><img loading=\"lazy\" decoding=\"async\" class=\"aligncenter size-full wp-image-2409\" alt=\"Europa_blaugrau_big\" src=\"https:\/\/www.crossborderarchives.eu\/files\/2012\/04\/Europa_blaugrau_big.png\" width=\"646\" height=\"202\" srcset=\"https:\/\/www.crossborderarchives.eu\/wp-content\/uploads\/2012\/04\/Europa_blaugrau_big.png 646w, https:\/\/www.crossborderarchives.eu\/wp-content\/uploads\/2012\/04\/Europa_blaugrau_big-300x93.png 300w\" sizes=\"(max-width: 646px) 100vw, 646px\" \/><\/a><\/h6>\n<h6 style=\"text-align: justify;padding-left: 30px\"><span style=\"color: #000000\"><span style=\"color: #800000\"><strong>ICARUS &#8211; International Centre for Archival Research je konzorcium, ktor\u00e9 pozost\u00e1va z\u00a0viac ako 126 \u010dlenov. Ide preva\u017ene o\u00a0vedeck\u00e9 in\u0161tit\u00facie a\u00a0arch\u00edvy z\u00a026 eur\u00f3pskych kraj\u00edn a\u00a0Kanady, ktor\u00e9 spolo\u010dne reaguj\u00fa na v\u00fdzvy digitaliz\u00e1cie.<\/strong><\/span><\/span><\/h6>\n<p style=\"text-align: justify;padding-left: 30px\"><span style=\"color: #000000\">Z\u00e1kladn\u00fdm pilierom ICARUS \u2013u je podpora arch\u00edvov v\u00a0ot\u00e1zkach spojen\u00fdch s\u00a0digitaliz\u00e1ciou\u00a0 v\u00a0s\u00falade s\u00a0princ\u00edpom komplementarity a\u00a0v\u00a0s\u00falade s\u00a0medzin\u00e1rodn\u00fdmi \u0161tandardmi.<\/span><\/p>\n<p style=\"text-align: justify;padding-left: 30px\"><span style=\"color: #000000\">V\u00a0tejto s\u00favislosti ICARUS p\u00f4sob\u00ed ako koordin\u00e1tor v\u00a0oblasti nov\u00fdch technol\u00f3gi\u00ed a\u00a0digitaliz\u00e1cie pre r\u00f4zne vedeck\u00e9 in\u0161tit\u00facie a\u00a0arch\u00edvy.<\/span><\/p>\n<p style=\"text-align: justify;padding-left: 30px\"><span style=\"color: #000000\">Na dosiahnutie t\u00fdchto cie\u013eov je d\u00f4le\u017eit\u00e9 nielen efekt\u00edvne budovanie a\u00a0udr\u017eiavanie elektronickej infra\u0161trukt\u00fary, \u010di zdie\u013eanie r\u00f4znych \u0161tandardov a\u00a0strat\u00e9gi\u00ed, ale\u00a0 aj spolo\u010dn\u00e9 h\u013eadanie nov\u00fdch sp\u00f4sobov medzin\u00e1rodnej spolupr\u00e1ce, ktor\u00e1 u\u013eah\u010d\u00ed v\u00fdmenu \u0161pecifick\u00fdch odborn\u00fdch zru\u010dnost\u00ed a\u00a0vedomost\u00ed, spolupr\u00e1ce, ktor\u00e1 pon\u00fakne \u010fal\u0161ie mo\u017enosti financovania r\u00f4znych syst\u00e9mov alebo podpory on line prezent\u00e1cie.<\/span><\/p>\n<p style=\"text-align: justify;padding-left: 30px\"><span style=\"color: #000000\"><a href=\"https:\/\/www.crossborderarchives.eu\/files\/2012\/04\/icarus-logo-2.jpg\"><img loading=\"lazy\" decoding=\"async\" class=\"alignright  wp-image-1073\" alt=\"\" src=\"https:\/\/www.crossborderarchives.eu\/files\/2012\/04\/icarus-logo-2.jpg\" width=\"181\" height=\"90\" \/><\/a>S\u00fa\u010dinnos\u0165ou tak d\u00f4jde nielen k v\u00fdmene sk\u00fasenost\u00ed, ale aj infra\u0161trukt\u00fary a zdrojov v medzin\u00e1rodnom meradle. ICARUS p\u00f4sob\u00ed v tomto zmysle ako platforma pre skupiny pracuj\u00face v r\u00f4znych oblastiach a prev\u00e1dzkuje port\u00e1ly: Monasterium, ICARUSNet \u00a0a Matrikula.<\/span><\/p>\n<p style=\"text-align: justify;padding-left: 30px\"><span style=\"color: #000000\">ICARUS m\u00f4\u017ee poskytn\u00fa\u0165 \u0161irok\u00e9 spektrum pomoci pri\u00a0 particip\u00e1cii na medzin\u00e1rodn\u00fdch projektoch, predov\u0161etk\u00fdm odbremen\u00ed partnerov projektov od\u00a0administrat\u00edvnej a\u00a0\u00fa\u010dtovnej agendy, a\u00a0z\u00e1rove\u0148 poskytne pomocn\u00fa ruku pri organizovan\u00ed vzdel\u00e1vac\u00edch a\u00a0kult\u00farnych aktiv\u00edt.<br \/>\nS\u00a0podporou zo strany ICARUS\u2013u sa partneri projektu m\u00f4\u017eu s\u00fastredi\u0165 na v\u00fdlu\u010dne odborn\u00e9 ciele.<\/span><\/p>\n<p style=\"text-align: justify;padding-left: 30px\"><span style=\"color: #000000\">Kontakt a \u010fal\u0161ie inform\u00e1cie n\u00e1jdete na <a href=\"http:\/\/www.icar-us.eu\/\" target=\"_blank\"><span style=\"color: #000000\">www.icar-us.eu<\/span><\/a><\/span><\/p>\n<p><\/p>","protected":false},"excerpt":{"rendered":"<p>ICARUS &#8211; International Centre for Archival Research je konzorcium, ktor\u00e9 pozost\u00e1va z\u00a0viac ako 126 \u010dlenov. Ide preva\u017ene o\u00a0vedeck\u00e9 in\u0161tit\u00facie a\u00a0arch\u00edvy z\u00a026 eur\u00f3pskych kraj\u00edn a\u00a0Kanady, ktor\u00e9 spolo\u010dne reaguj\u00fa na v\u00fdzvy digitaliz\u00e1cie. Z\u00e1kladn\u00fdm pilierom ICARUS \u2013u je podpora arch\u00edvov v\u00a0ot\u00e1zkach spojen\u00fdch s\u00a0digitaliz\u00e1ciou\u00a0 v\u00a0s\u00falade s\u00a0princ\u00edpom komplementarity a\u00a0v\u00a0s\u00falade s\u00a0medzin\u00e1rodn\u00fdmi \u0161tandardmi. V\u00a0tejto s\u00favislosti ICARUS p\u00f4sob\u00ed ako koordin\u00e1tor v\u00a0oblasti nov\u00fdch technol\u00f3gi\u00ed [&hellip;]<\/p>\n","protected":false},"author":2,"featured_media":0,"parent":258,"menu_order":4,"comment_status":"closed","ping_status":"closed","template":"","meta":{"footnotes":""},"_links":{"self":[{"href":"https:\/\/www.crossborderarchives.eu\/sk\/wp-json\/wp\/v2\/pages\/238"}],"collection":[{"href":"https:\/\/www.crossborderarchives.eu\/sk\/wp-json\/wp\/v2\/pages"}],"about":[{"href":"https:\/\/www.crossborderarchives.eu\/sk\/wp-json\/wp\/v2\/types\/page"}],"author":[{"embeddable":true,"href":"https:\/\/www.crossborderarchives.eu\/sk\/wp-json\/wp\/v2\/users\/2"}],"replies":[{"embeddable":true,"href":"https:\/\/www.crossborderarchives.eu\/sk\/wp-json\/wp\/v2\/comments?post=238"}],"version-history":[{"count":56,"href":"https:\/\/www.crossborderarchives.eu\/sk\/wp-json\/wp\/v2\/pages\/238\/revisions"}],"predecessor-version":[{"id":241,"href":"https:\/\/www.crossborderarchives.eu\/sk\/wp-json\/wp\/v2\/pages\/238\/revisions\/241"}],"up":[{"embeddable":true,"href":"https:\/\/www.crossborderarchives.eu\/sk\/wp-json\/wp\/v2\/pages\/258"}],"wp:attachment":[{"href":"https:\/\/www.crossborderarchives.eu\/sk\/wp-json\/wp\/v2\/media?parent=238"}],"curies":[{"name":"wp","href":"https:\/\/api.w.org\/{rel}","templated":true}]}}