{"id":234,"date":"2012-04-26T11:15:25","date_gmt":"2012-04-26T09:15:25","guid":{"rendered":"https:\/\/www.crossborderarchives.eu\/?page_id=234"},"modified":"2013-04-26T08:39:52","modified_gmt":"2013-04-26T06:39:52","slug":"network-history-of-lower-austria-2","status":"publish","type":"page","link":"https:\/\/www.crossborderarchives.eu\/sk\/our-goals\/project-partners-2\/network-history-of-lower-austria-2\/","title":{"rendered":"Spolo\u010dnos\u0165 &#8220;Dejiny Doln\u00e9ho Rak\u00faska&#8221;"},"content":{"rendered":"<p><\/p>\n<h6 style=\"padding-left: 30px\"><span style=\"color: #000000\"><strong><a href=\"https:\/\/www.crossborderarchives.eu\/files\/2012\/04\/N\u00d6LA_Haus.jpg\"><img loading=\"lazy\" decoding=\"async\" class=\"aligncenter size-full wp-image-2383\" alt=\"N\u00d6LA_Haus\" src=\"https:\/\/www.crossborderarchives.eu\/files\/2012\/04\/N\u00d6LA_Haus.jpg\" width=\"621\" height=\"263\" srcset=\"https:\/\/www.crossborderarchives.eu\/wp-content\/uploads\/2012\/04\/N\u00d6LA_Haus.jpg 621w, https:\/\/www.crossborderarchives.eu\/wp-content\/uploads\/2012\/04\/N\u00d6LA_Haus-300x127.jpg 300w\" sizes=\"(max-width: 621px) 100vw, 621px\" \/><\/a><\/strong><\/span><\/h6>\n<h6 style=\"padding-left: 30px\"><\/h6>\n<h6 style=\"padding-left: 60px\"><span style=\"color: #000000\"><strong>S\u00cdDLI V\u00a0PRIESTOROCH DOLNORAK\u00daSKEHO \u0160T\u00c1TNEHO ARCH\u00cdVU.<\/strong><\/span><\/h6>\n<p style=\"text-align: justify;padding-left: 60px\"><span style=\"color: #000000\">Pom\u00e1ha pri pr\u00edprave a\u00a0realiz\u00e1cii projektov z\u00a0oblasti:<\/span><\/p>\n<ul style=\"text-align: justify;padding-left: 60px\">\n<li style=\"padding-left: 60px\"><span style=\"color: #000000\">rozvoja arch\u00edvnictva<a href=\"https:\/\/www.crossborderarchives.eu\/files\/2012\/04\/LOGO_N\u00d6LA_Final1.jpg\"><img loading=\"lazy\" decoding=\"async\" class=\"alignright  wp-image-1066\" alt=\"\" src=\"https:\/\/www.crossborderarchives.eu\/files\/2012\/04\/LOGO_N\u00d6LA_Final1-191x300.jpg\" width=\"72\" height=\"108\" \/><\/a><\/span><\/li>\n<\/ul>\n<ul style=\"text-align: justify;padding-left: 60px\">\n<li style=\"padding-left: 60px\"><span style=\"color: #000000\">katalogiz\u00e1cie arch\u00edvnych dokumentov<\/span><\/li>\n<\/ul>\n<ul style=\"text-align: justify;padding-left: 60px\">\n<li style=\"padding-left: 60px\"><span style=\"color: #000000\">digitaliz\u00e1cie arch\u00edvnych dokumentovVzh\u013eadom na \u00fazke prepojenie s\u00a0Dolnorak\u00faskym \u0161t\u00e1tnym arch\u00edvom m\u00f4\u017ee sa spolo\u010dnos\u0165 opiera\u0165 o\u00a0adekv\u00e1tne odborn\u00e9 i\u00a0technick\u00e9 vybavenie.<\/span><\/li>\n<\/ul>\n<p style=\"text-align: justify;padding-left: 60px\"><span style=\"color: #000000\">Pre viac inform\u00e1ci\u00ed nav\u0161t\u00edvte webov\u00fa str\u00e1nku Dolnorak\u00faskeho \u0161t\u00e1tneho arch\u00edvu.<\/span><\/p>\n<p><\/p>","protected":false},"excerpt":{"rendered":"<p>S\u00cdDLI V\u00a0PRIESTOROCH DOLNORAK\u00daSKEHO \u0160T\u00c1TNEHO ARCH\u00cdVU. Pom\u00e1ha pri pr\u00edprave a\u00a0realiz\u00e1cii projektov z\u00a0oblasti: rozvoja arch\u00edvnictva katalogiz\u00e1cie arch\u00edvnych dokumentov digitaliz\u00e1cie arch\u00edvnych dokumentovVzh\u013eadom na \u00fazke prepojenie s\u00a0Dolnorak\u00faskym \u0161t\u00e1tnym arch\u00edvom m\u00f4\u017ee sa spolo\u010dnos\u0165 opiera\u0165 o\u00a0adekv\u00e1tne odborn\u00e9 i\u00a0technick\u00e9 vybavenie. Pre viac inform\u00e1ci\u00ed nav\u0161t\u00edvte webov\u00fa str\u00e1nku Dolnorak\u00faskeho \u0161t\u00e1tneho arch\u00edvu.<\/p>\n","protected":false},"author":2,"featured_media":0,"parent":258,"menu_order":3,"comment_status":"closed","ping_status":"closed","template":"","meta":{"footnotes":""},"_links":{"self":[{"href":"https:\/\/www.crossborderarchives.eu\/sk\/wp-json\/wp\/v2\/pages\/234"}],"collection":[{"href":"https:\/\/www.crossborderarchives.eu\/sk\/wp-json\/wp\/v2\/pages"}],"about":[{"href":"https:\/\/www.crossborderarchives.eu\/sk\/wp-json\/wp\/v2\/types\/page"}],"author":[{"embeddable":true,"href":"https:\/\/www.crossborderarchives.eu\/sk\/wp-json\/wp\/v2\/users\/2"}],"replies":[{"embeddable":true,"href":"https:\/\/www.crossborderarchives.eu\/sk\/wp-json\/wp\/v2\/comments?post=234"}],"version-history":[{"count":63,"href":"https:\/\/www.crossborderarchives.eu\/sk\/wp-json\/wp\/v2\/pages\/234\/revisions"}],"predecessor-version":[{"id":349,"href":"https:\/\/www.crossborderarchives.eu\/sk\/wp-json\/wp\/v2\/pages\/234\/revisions\/349"}],"up":[{"embeddable":true,"href":"https:\/\/www.crossborderarchives.eu\/sk\/wp-json\/wp\/v2\/pages\/258"}],"wp:attachment":[{"href":"https:\/\/www.crossborderarchives.eu\/sk\/wp-json\/wp\/v2\/media?parent=234"}],"curies":[{"name":"wp","href":"https:\/\/api.w.org\/{rel}","templated":true}]}}