{"id":229,"date":"2012-04-26T11:09:22","date_gmt":"2012-04-26T09:09:22","guid":{"rendered":"https:\/\/www.crossborderarchives.eu\/?page_id=229"},"modified":"2013-04-26T10:57:45","modified_gmt":"2013-04-26T08:57:45","slug":"the-austrian-state-archives","status":"publish","type":"page","link":"https:\/\/www.crossborderarchives.eu\/sk\/our-goals\/project-partners-2\/the-austrian-state-archives\/","title":{"rendered":"Rak\u00fasky \u0161t\u00e1tny arch\u00edv"},"content":{"rendered":"<p><\/p>\n<h6 style=\"text-align: justify;padding-left: 30px\"><a href=\"https:\/\/www.crossborderarchives.eu\/files\/2012\/04\/Au\u00dfenansichtOESTA3_ZI1M2049_p.png\"><img loading=\"lazy\" decoding=\"async\" class=\"aligncenter size-full wp-image-2403\" alt=\"Au\u00dfenansichtOESTA3_ZI1M2049_p\" src=\"https:\/\/www.crossborderarchives.eu\/files\/2012\/04\/Au\u00dfenansichtOESTA3_ZI1M2049_p.png\" width=\"780\" height=\"235\" srcset=\"https:\/\/www.crossborderarchives.eu\/wp-content\/uploads\/2012\/04\/Au\u00dfenansichtOESTA3_ZI1M2049_p.png 780w, https:\/\/www.crossborderarchives.eu\/wp-content\/uploads\/2012\/04\/Au\u00dfenansichtOESTA3_ZI1M2049_p-300x90.png 300w\" sizes=\"(max-width: 780px) 100vw, 780px\" \/><\/a><\/h6>\n<h6 style=\"text-align: justify;padding-left: 60px\"><span style=\"color: #000000\"><strong>Rak\u00fasky \u0161t\u00e1tny arch\u00edv bol zriaden\u00fd v\u00a0roku 1945 a\u00a0patr\u00ed medzi najv\u00fdznamnej\u0161ie arch\u00edvy sveta.<\/strong><\/span><\/h6>\n<p style=\"text-align: justify;padding-left: 60px\"><span style=\"color: #000000\">Patr\u00ed do kompetencie \u00a0\u00faradu spolkov\u00e9ho kancel\u00e1ra a\u00a0jeho poslan\u00edm je:<\/span><\/p>\n<ul style=\"text-align: justify;padding-left: 30px\">\n<li style=\"padding-left: 30px\"><span style=\"color: #000000\">ako centr\u00e1lny arch\u00edv preber\u00e1 arch\u00edvne dokumenty z\u00a0org\u00e1nov \u0161t\u00e1tnej spr\u00e1vy, ako s\u00fa napr\u00edklad spolkov\u00e9 ministerstv\u00e1<\/span><\/li>\n<li style=\"padding-left: 30px\"><span style=\"color: #000000\">jeho historick\u00e9 oddelenie ochra\u0148uje arch\u00edvne dedi\u010dstvo poch\u00e1dzaj\u00face z\u00a0obdobia Habsburskej monarchie 1526 \u2013 1918) a\u00a0jej \u00fastredn\u00fdch org\u00e1nov, ako aj dokumenty Sv\u00e4tej r\u00edmskej r\u00ed\u0161e n\u00e1roda nemeck\u00e9ho (do roku 1806). Najstar\u0161ia listina z\u00a0b\u00e1benbersko \u2013 habsburskej zbierky poch\u00e1dza z\u00a0roku 816.<\/span><\/li>\n<\/ul>\n<p style=\"text-align: justify;padding-left: 30px\"><span style=\"color: #000000\">V priestoroch arch\u00edvu dnes s\u00eddlia aj:\u00a0 \u00a0 \u00a0 \u00a0 \u00a0 \u00a0 \u00a0 \u00a0 \u00a0 \u00a0 \u00a0 \u00a0 \u00a0 \u00a0 \u00a0 \u00a0 \u00a0 \u00a0 \u00a0 \u00a0 \u00a0 \u00a0 \u00a0 \u00a0 \u00a0<\/span><\/p>\n<ul style=\"padding-left: 30px\">\n<li style=\"padding-left: 30px\"><span style=\"color: #000000\">v\u0161eobecn\u00fd \u00farad<\/span><\/li>\n<li style=\"padding-left: 30px\"><span style=\"color: #000000\">\u00a0re\u0161taur\u00e1torsk\u00e9 dielne<a href=\"https:\/\/www.crossborderarchives.eu\/files\/2012\/04\/OESTA_Logo1.jpg\"><img loading=\"lazy\" decoding=\"async\" class=\"alignright size-medium wp-image-1060\" alt=\"\" src=\"https:\/\/www.crossborderarchives.eu\/files\/2012\/04\/OESTA_Logo1-300x63.jpg\" width=\"300\" height=\"63\" srcset=\"https:\/\/www.crossborderarchives.eu\/wp-content\/uploads\/2012\/04\/OESTA_Logo1-300x63.jpg 300w, https:\/\/www.crossborderarchives.eu\/wp-content\/uploads\/2012\/04\/OESTA_Logo1.jpg 475w\" sizes=\"(max-width: 300px) 100vw, 300px\" \/><\/a><\/span><\/li>\n<li style=\"padding-left: 30px\"><span style=\"color: #000000\">\u00fastredn\u00e1 kni\u017enica \u0160t\u00e1tneho arch\u00edvu<\/span><\/li>\n<li style=\"padding-left: 30px\"><span style=\"color: #000000\">Arch\u00edv Rak\u00faskej republiky<\/span><\/li>\n<li style=\"padding-left: 30px\"><span style=\"color: #000000\">Vojensk\u00fd arch\u00edv<\/span><\/li>\n<li style=\"padding-left: 30px\"><span style=\"color: #000000\">the Finance and Exchequer Archive<\/span><\/li>\n<\/ul>\n<p style=\"text-align: justify;padding-left: 30px\"><span style=\"color: #000000\">126 zamestnancov arch\u00edvu sa star\u00e1 o\u00a0177 be\u017en\u00fdch metrov arch\u00edvnych dokumentov. Ke\u010f\u017ee charakter arch\u00edvnych fondov a\u00a0zbierok arch\u00edvu je nadregion\u00e1lny, ka\u017edoro\u010dne ho nav\u0161t\u00edvi viac ako 5000 b\u00e1date\u013eov z\u00a0cel\u00e9ho sveta.<\/span><\/p>\n<p style=\"text-align: justify;padding-left: 30px\"><span style=\"color: #000000\">Pre viac inform\u00e1ci\u00ed nav\u0161t\u00edvte <a href=\"http:\/\/www.oesta.gv.at\" target=\"_blank\">webov\u00fa str\u00e1nku Rak\u00faskeho \u0161t\u00e1tneho arch\u00edvu.<\/a><\/span><\/p>\n<p><\/p>","protected":false},"excerpt":{"rendered":"<p>Rak\u00fasky \u0161t\u00e1tny arch\u00edv bol zriaden\u00fd v\u00a0roku 1945 a\u00a0patr\u00ed medzi najv\u00fdznamnej\u0161ie arch\u00edvy sveta. Patr\u00ed do kompetencie \u00a0\u00faradu spolkov\u00e9ho kancel\u00e1ra a\u00a0jeho poslan\u00edm je: ako centr\u00e1lny arch\u00edv preber\u00e1 arch\u00edvne dokumenty z\u00a0org\u00e1nov \u0161t\u00e1tnej spr\u00e1vy, ako s\u00fa napr\u00edklad spolkov\u00e9 ministerstv\u00e1 jeho historick\u00e9 oddelenie ochra\u0148uje arch\u00edvne dedi\u010dstvo poch\u00e1dzaj\u00face z\u00a0obdobia Habsburskej monarchie 1526 \u2013 1918) a\u00a0jej \u00fastredn\u00fdch org\u00e1nov, ako aj dokumenty Sv\u00e4tej [&hellip;]<\/p>\n","protected":false},"author":2,"featured_media":0,"parent":258,"menu_order":2,"comment_status":"closed","ping_status":"closed","template":"","meta":{"footnotes":""},"_links":{"self":[{"href":"https:\/\/www.crossborderarchives.eu\/sk\/wp-json\/wp\/v2\/pages\/229"}],"collection":[{"href":"https:\/\/www.crossborderarchives.eu\/sk\/wp-json\/wp\/v2\/pages"}],"about":[{"href":"https:\/\/www.crossborderarchives.eu\/sk\/wp-json\/wp\/v2\/types\/page"}],"author":[{"embeddable":true,"href":"https:\/\/www.crossborderarchives.eu\/sk\/wp-json\/wp\/v2\/users\/2"}],"replies":[{"embeddable":true,"href":"https:\/\/www.crossborderarchives.eu\/sk\/wp-json\/wp\/v2\/comments?post=229"}],"version-history":[{"count":88,"href":"https:\/\/www.crossborderarchives.eu\/sk\/wp-json\/wp\/v2\/pages\/229\/revisions"}],"predecessor-version":[{"id":362,"href":"https:\/\/www.crossborderarchives.eu\/sk\/wp-json\/wp\/v2\/pages\/229\/revisions\/362"}],"up":[{"embeddable":true,"href":"https:\/\/www.crossborderarchives.eu\/sk\/wp-json\/wp\/v2\/pages\/258"}],"wp:attachment":[{"href":"https:\/\/www.crossborderarchives.eu\/sk\/wp-json\/wp\/v2\/media?parent=229"}],"curies":[{"name":"wp","href":"https:\/\/api.w.org\/{rel}","templated":true}]}}