{"id":217,"date":"2012-04-26T11:01:51","date_gmt":"2012-04-26T09:01:51","guid":{"rendered":"https:\/\/www.crossborderarchives.eu\/?page_id=217"},"modified":"2014-04-01T10:30:23","modified_gmt":"2014-04-01T08:30:23","slug":"the-ministry-of-interior-of-the-slovak-republic","status":"publish","type":"page","link":"https:\/\/www.crossborderarchives.eu\/sk\/our-goals\/project-partners-2\/the-ministry-of-interior-of-the-slovak-republic\/","title":{"rendered":"Ministerstvo vn\u00fatra Slovenskej republiky"},"content":{"rendered":"<p><span style=\"color: #993300\"><a href=\"https:\/\/www.crossborderarchives.eu\/files\/2012\/04\/Obr\u00e1zok-005_1.jpg\"><img loading=\"lazy\" decoding=\"async\" class=\"aligncenter size-full wp-image-2394\" alt=\"Obr\u00e1zok 005_1\" src=\"https:\/\/www.crossborderarchives.eu\/files\/2012\/04\/Obr\u00e1zok-005_1.jpg\" width=\"650\" height=\"218\" srcset=\"https:\/\/www.crossborderarchives.eu\/wp-content\/uploads\/2012\/04\/Obr\u00e1zok-005_1.jpg 650w, https:\/\/www.crossborderarchives.eu\/wp-content\/uploads\/2012\/04\/Obr\u00e1zok-005_1-300x100.jpg 300w\" sizes=\"(max-width: 650px) 100vw, 650px\" \/><\/a><\/span><strong><\/strong><\/p>\n<h4 style=\"padding-left: 30px\"><strong><span style=\"color: #800000\">\u0160T\u00c1TNY ARCH\u00cdV V BRATISLAVE<\/span><\/strong><\/h4>\n<p style=\"padding-left: 30px\"><strong><span style=\"color: #000000\">\u0160t\u00e1tny arch\u00edv v\u00a0Bratislave bol zriaden\u00fd v\u00a0roku 1954. Mno\u017estvom arch\u00edvnych dokumentov (1541 arch\u00edvnych fondov a zbierok v rozsahu 8902 be\u017en\u00fdch metrov) sa rad\u00ed medzi najv\u00e4\u010d\u0161ie arch\u00edvy v\u00a0sieti\u00a0 \u0161t\u00e1tnych arch\u00edvov v\u00a0Slovenskej republike.<\/span><\/strong><\/p>\n<p style=\"padding-left: 30px\"><span style=\"color: #000000\">Skladba a\u00a0obsah arch\u00edvnych dokumentov ulo\u017een\u00fdch v\u00a0\u0161t\u00e1tnom arch\u00edve odzrkad\u013euje region\u00e1lny v\u00fdvoj politick\u00e9ho, spolo\u010densk\u00e9ho, hospod\u00e1rskeho a\u00a0kult\u00farneho \u017eivota z\u00e1padoslovensk\u00e9ho regi\u00f3nu a\u00a0jeho obyvate\u013eov, napr\u00edklad:<\/span><\/p>\n<ul style=\"padding-left: 30px\">\n<li style=\"padding-left: 30px\"><span style=\"color: #000000\">Retribu\u010dn\u00e9 s\u00fady st\u00edhaj\u00face zlo\u010dincov z\u00a0obdobia II. svetovej vojny<\/span><\/li>\n<li style=\"padding-left: 30px\"><span style=\"color: #000000\">Z obdobia I. \u010cSR je zauj\u00edmav\u00fd fond \u0160t\u00e1tneho zastupite\u013estva (1919-1950)<\/span><\/li>\n<li style=\"padding-left: 30px\"><span style=\"color: #000000\">Pre v\u00fdskum cirkevn\u00fdch dej\u00edn je najv\u00fdznamnej\u0161\u00ed fond Mari\u00e1nska provincia franti\u0161k\u00e1nov. Osobitn\u00fa pozornos\u0165 si zasluhuje Zbierka cirkevn\u00fdch matr\u00edk (1616 \u2013 1895), ktor\u00e1 je bohato vyu\u017e\u00edvan\u00e1 pri \u0161t\u00fadiu genealogick\u00fdch s\u00favislost\u00ed, region\u00e1lnych,\u00a0 ako aj v\u0161eobecn\u00fdch dej\u00edn<\/span><\/li>\n<li style=\"padding-left: 30px\"><span style=\"color: #000000\">Pre poznanie hospod\u00e1rskeho v\u00fdvoja regi\u00f3nu maj\u00fa obrovsk\u00fd v\u00fdznam arch\u00edvne fondy podnikov: lesn\u00e9ho a vodn\u00e9ho hospod\u00e1rstva, stroj\u00e1rensk\u00fdch, stavebn\u00fdch, elektr\u00e1rensk\u00fdch, chemick\u00fdch, ako aj po\u013enohospod\u00e1rskych (mlyny, konzerv\u00e1rne, cukrovary a\u00a0pod).<\/span><\/li>\n<\/ul>\n<p style=\"padding-left: 30px\"><span style=\"color: #000000\">Medzi z\u00e1kladn\u00e9 \u00falohy arch\u00edvu patr\u00ed:<\/span><\/p>\n<ul style=\"padding-left: 30px\">\n<li style=\"padding-left: 30px\"><span style=\"color: #000000\">prebera\u0165, ochra\u0148ova\u0165 a\u00a0spr\u00edstup\u0148ova\u0165 arch\u00edvne dokumenty a\u00a0umo\u017eni\u0165 ich vyu\u017e\u00edvanie verejnos\u0165ou<\/span><\/li>\n<li style=\"padding-left: 30px\"><span style=\"color: #000000\">V\u00fdkonom predarch\u00edvnej starostlivosti vo svojej sp\u00e1dovej oblasti si arch\u00edv zabezpe\u010duje dop\u013a\u0148anie arch\u00edvneho kult\u00farneho dedi\u010dstva o\u00a0nov\u00e9 pr\u00edrastky jednak z\u00a0in\u0161tit\u00faci\u00ed verejnej spr\u00e1vy ako aj zo s\u00fakromn\u00fdch spolo\u010dnost\u00ed.<\/span><\/li>\n<li style=\"padding-left: 30px\"><span style=\"color: #000000\">V organiz\u00e1ci\u00e1ch verejnej spr\u00e1vy i\u00a0 s\u00fakromnej sf\u00e9ry uskuto\u010d\u0148uje prieskumy a\u00a0kontroly zameran\u00e9 na spr\u00e1vu registrat\u00fary; schva\u013euje registrat\u00farne poriadky a pl\u00e1ny a n\u00e1vrhy na vyradenie. V r\u00e1mci metodickej \u010dinnosti vykon\u00e1va \u0161kolenia, konzult\u00e1cie a <\/span><span style=\"color: #000000\"><a href=\"https:\/\/www.crossborderarchives.eu\/files\/2012\/04\/LogoMVSR_7771.jpg\"><img loading=\"lazy\" decoding=\"async\" class=\" wp-image-1034 alignright\" alt=\"\" src=\"https:\/\/www.crossborderarchives.eu\/files\/2012\/04\/LogoMVSR_7771-300x293.jpg\" width=\"87\" height=\"86\" srcset=\"https:\/\/www.crossborderarchives.eu\/wp-content\/uploads\/2012\/04\/LogoMVSR_7771-300x293.jpg 300w, https:\/\/www.crossborderarchives.eu\/wp-content\/uploads\/2012\/04\/LogoMVSR_7771-150x150.jpg 150w, https:\/\/www.crossborderarchives.eu\/wp-content\/uploads\/2012\/04\/LogoMVSR_7771.jpg 372w\" sizes=\"(max-width: 87px) 100vw, 87px\" \/><\/a><\/span><span style=\"color: #000000\">in\u0161trukt\u00e1\u017ee<\/span><\/li>\n<\/ul>\n<p style=\"padding-left: 30px\"><span style=\"color: #000000\">Ka\u017edoro\u010dne arch\u00edv nav\u0161t\u00edvi pribli\u017ene 1000 b\u00e1date\u013eov, pri\u010dom predmetom ich z\u00e1ujmu je predov\u0161etk\u00fdm v\u00fdskum region\u00e1lnych dej\u00edn, \u0161t\u00fadium genealogick\u00fdch prame\u0148ov a\u00a0arch\u00edvnych dokumentov z\u00a0\u010dinnosti\u00a0 justi\u010dn\u00fdch org\u00e1nov.<\/span><\/p>\n<h4 style=\"padding-left: 30px\"><strong><span style=\"color: #800000\">ARCH\u00cdV HLAVN\u00c9HO MESTA SLOVENSKEJ REPUBLIKY BRATISLAVY\u00a0<\/span><\/strong><\/h4>\n<h6 style=\"padding-left: 30px\"><span style=\"color: #000000\"><strong>Arch\u00edv hlavn\u00e9ho mesta Slovenskej republiky Bratislavy patr\u00ed medzi najstar\u0161ie kult\u00farne in\u0161tit\u00facie v\u00a0meste.<\/strong><\/span><\/h6>\n<p style=\"padding-left: 30px\"><a href=\"http:\/\/www.minv.sk\/?saba\" target=\"_blank\"><span style=\"color: #000000\">Viac inform\u00e1ci\u00ed n\u00e1jdete na webovej <span style=\"text-decoration: underline\">str\u00e1nke Ministerstva vn\u00fatra Slovenskej republiky<\/span><\/span><\/a><\/p>\n<p><\/p>","protected":false},"excerpt":{"rendered":"<p>\u0160T\u00c1TNY ARCH\u00cdV V BRATISLAVE \u0160t\u00e1tny arch\u00edv v\u00a0Bratislave bol zriaden\u00fd v\u00a0roku 1954. Mno\u017estvom arch\u00edvnych dokumentov (1541 arch\u00edvnych fondov a zbierok v rozsahu 8902 be\u017en\u00fdch metrov) sa rad\u00ed medzi najv\u00e4\u010d\u0161ie arch\u00edvy v\u00a0sieti\u00a0 \u0161t\u00e1tnych arch\u00edvov v\u00a0Slovenskej republike. Skladba a\u00a0obsah arch\u00edvnych dokumentov ulo\u017een\u00fdch v\u00a0\u0161t\u00e1tnom arch\u00edve odzrkad\u013euje region\u00e1lny v\u00fdvoj politick\u00e9ho, spolo\u010densk\u00e9ho, hospod\u00e1rskeho a\u00a0kult\u00farneho \u017eivota z\u00e1padoslovensk\u00e9ho regi\u00f3nu a\u00a0jeho obyvate\u013eov, napr\u00edklad: Retribu\u010dn\u00e9 [&hellip;]<\/p>\n","protected":false},"author":2,"featured_media":0,"parent":258,"menu_order":1,"comment_status":"closed","ping_status":"closed","template":"","meta":{"footnotes":""},"_links":{"self":[{"href":"https:\/\/www.crossborderarchives.eu\/sk\/wp-json\/wp\/v2\/pages\/217"}],"collection":[{"href":"https:\/\/www.crossborderarchives.eu\/sk\/wp-json\/wp\/v2\/pages"}],"about":[{"href":"https:\/\/www.crossborderarchives.eu\/sk\/wp-json\/wp\/v2\/types\/page"}],"author":[{"embeddable":true,"href":"https:\/\/www.crossborderarchives.eu\/sk\/wp-json\/wp\/v2\/users\/2"}],"replies":[{"embeddable":true,"href":"https:\/\/www.crossborderarchives.eu\/sk\/wp-json\/wp\/v2\/comments?post=217"}],"version-history":[{"count":99,"href":"https:\/\/www.crossborderarchives.eu\/sk\/wp-json\/wp\/v2\/pages\/217\/revisions"}],"predecessor-version":[{"id":231,"href":"https:\/\/www.crossborderarchives.eu\/sk\/wp-json\/wp\/v2\/pages\/217\/revisions\/231"}],"up":[{"embeddable":true,"href":"https:\/\/www.crossborderarchives.eu\/sk\/wp-json\/wp\/v2\/pages\/258"}],"wp:attachment":[{"href":"https:\/\/www.crossborderarchives.eu\/sk\/wp-json\/wp\/v2\/media?parent=217"}],"curies":[{"name":"wp","href":"https:\/\/api.w.org\/{rel}","templated":true}]}}