{"id":211,"date":"2012-04-26T10:57:47","date_gmt":"2012-04-26T08:57:47","guid":{"rendered":"https:\/\/www.crossborderarchives.eu\/?page_id=211"},"modified":"2015-01-26T12:56:07","modified_gmt":"2015-01-26T11:56:07","slug":"financing-2","status":"publish","type":"page","link":"https:\/\/www.crossborderarchives.eu\/sk\/our-goals\/financing-2\/","title":{"rendered":"Financovanie"},"content":{"rendered":"<p><\/p>\n<p><h4><span style=\"color: #993300\"><strong><a href=\"https:\/\/www.crossborderarchives.eu\/files\/2012\/04\/EURO_M\u00dcNZE.png\"><img loading=\"lazy\" decoding=\"async\" class=\"aligncenter size-full wp-image-1655\" src=\"https:\/\/www.crossborderarchives.eu\/files\/2012\/04\/EURO_M\u00dcNZE.png\" alt=\"\" width=\"780\" height=\"235\" srcset=\"https:\/\/www.crossborderarchives.eu\/wp-content\/uploads\/2012\/04\/EURO_M\u00dcNZE.png 780w, https:\/\/www.crossborderarchives.eu\/wp-content\/uploads\/2012\/04\/EURO_M\u00dcNZE-300x90.png 300w\" sizes=\"(max-width: 780px) 100vw, 780px\" \/><\/a><a href=\"https:\/\/www.crossborderarchives.eu\/files\/2012\/04\/Creating_EU-LOGO.jpg\"><img loading=\"lazy\" decoding=\"async\" class=\"alignright  wp-image-546\" src=\"https:\/\/www.crossborderarchives.eu\/files\/2012\/04\/Creating_EU-LOGO-177x300.jpg\" alt=\"\" width=\"95\" height=\"157\" \/><\/a>VYTVORENIE\u00a0BUD\u00daCNOSTI<\/strong><\/span><\/h4>\n<p style=\"text-align: justify\"><span style=\"color: #000000\"><strong>PROGRAM SLOVENSKO &#8211; RAK\u00daSKEJ CEZHRANI\u010cNEJ SPOLUPR\u00c1CE 2007 &#8211; 2013<\/strong><\/span><\/p>\n<p style=\"text-align: justify\"><span style=\"color: #000000\">Projekt cezhrani\u010dnej spolupr\u00e1ce medzi Slovenskom a Rak\u00faskom \u201ePam\u00e4\u0165 bez hran\u00edc\u201c\u00a0 je s\u00fa\u010das\u0165ou programu\u00a0 Eur\u00f3pskej \u00fanie \u201e Vytv\u00e1ranie bud\u00facnosti\u201c. Jeho cie\u013eom je roz\u0161\u00edrenie mo\u017enost\u00ed spolupr\u00e1ce medzi Slovenskom a\u00a0Rak\u00faskom.\u00a0 Eur\u00f3psky fond region\u00e1lneho rozvoja dotuje tento projekt 85% a\u00a015% zdrojov poch\u00e1dza z\u00a0n\u00e1rodn\u00e9ho spolufinancovania alebo z\u00a0vlastn\u00e9ho kapit\u00e1lu partnerov.<\/span><\/p>\n<p style=\"text-align: justify\"><span style=\"color: #000000\">\u010eal\u0161ie inform\u00e1cie\u00a0<span style=\"text-decoration: underline\"><a href=\"http:\/\/www.sk-at.eu\" target=\"_blank\"><span style=\"color: #000000;text-decoration: underline\">www.sk-at.eu<\/span><\/a><\/span><\/span><\/p>\n<\/p>\n<p><\/p>","protected":false},"excerpt":{"rendered":"<p>VYTVORENIE\u00a0BUD\u00daCNOSTI PROGRAM SLOVENSKO &#8211; RAK\u00daSKEJ CEZHRANI\u010cNEJ SPOLUPR\u00c1CE 2007 &#8211; 2013 Projekt cezhrani\u010dnej spolupr\u00e1ce medzi Slovenskom a Rak\u00faskom \u201ePam\u00e4\u0165 bez hran\u00edc\u201c\u00a0 je s\u00fa\u010das\u0165ou programu\u00a0 Eur\u00f3pskej \u00fanie \u201e Vytv\u00e1ranie bud\u00facnosti\u201c. Jeho cie\u013eom je roz\u0161\u00edrenie mo\u017enost\u00ed spolupr\u00e1ce medzi Slovenskom a\u00a0Rak\u00faskom.\u00a0 Eur\u00f3psky fond region\u00e1lneho rozvoja dotuje tento projekt 85% a\u00a015% zdrojov poch\u00e1dza z\u00a0n\u00e1rodn\u00e9ho spolufinancovania alebo z\u00a0vlastn\u00e9ho kapit\u00e1lu partnerov. \u010eal\u0161ie [&hellip;]<\/p>\n","protected":false},"author":2,"featured_media":0,"parent":206,"menu_order":7,"comment_status":"closed","ping_status":"closed","template":"","meta":{"footnotes":""},"_links":{"self":[{"href":"https:\/\/www.crossborderarchives.eu\/sk\/wp-json\/wp\/v2\/pages\/211"}],"collection":[{"href":"https:\/\/www.crossborderarchives.eu\/sk\/wp-json\/wp\/v2\/pages"}],"about":[{"href":"https:\/\/www.crossborderarchives.eu\/sk\/wp-json\/wp\/v2\/types\/page"}],"author":[{"embeddable":true,"href":"https:\/\/www.crossborderarchives.eu\/sk\/wp-json\/wp\/v2\/users\/2"}],"replies":[{"embeddable":true,"href":"https:\/\/www.crossborderarchives.eu\/sk\/wp-json\/wp\/v2\/comments?post=211"}],"version-history":[{"count":42,"href":"https:\/\/www.crossborderarchives.eu\/sk\/wp-json\/wp\/v2\/pages\/211\/revisions"}],"predecessor-version":[{"id":337,"href":"https:\/\/www.crossborderarchives.eu\/sk\/wp-json\/wp\/v2\/pages\/211\/revisions\/337"}],"up":[{"embeddable":true,"href":"https:\/\/www.crossborderarchives.eu\/sk\/wp-json\/wp\/v2\/pages\/206"}],"wp:attachment":[{"href":"https:\/\/www.crossborderarchives.eu\/sk\/wp-json\/wp\/v2\/media?parent=211"}],"curies":[{"name":"wp","href":"https:\/\/api.w.org\/{rel}","templated":true}]}}