{"id":2084,"date":"2013-02-04T11:16:48","date_gmt":"2013-02-04T10:16:48","guid":{"rendered":"https:\/\/www.crossborderarchives.eu\/?page_id=2084"},"modified":"2022-12-19T12:41:10","modified_gmt":"2022-12-19T11:41:10","slug":"research","status":"publish","type":"page","link":"https:\/\/www.crossborderarchives.eu\/sk\/our-goals\/research\/","title":{"rendered":"Online-vyh\u013ead\u00e1vanie"},"content":{"rendered":"<p>&nbsp;<\/p>\n<h1><strong><span style=\"text-decoration: underline;\"><span style=\"color: #800000; text-decoration: underline;\"><a href=\"http:\/\/www.crarc.findbuch.net\" target=\"_blank\" rel=\"noopener\"><span style=\"color: #800000; text-decoration: underline;\">Online &#8211; port\u00e1l s vyh\u013ead\u00e1van\u00edm &gt;&gt;&gt;<\/span><\/a><\/span><\/span><\/strong><\/h1>\n<p style=\"padding-left: 30px; text-align: justify;\"><span style=\"color: #000000;\"><strong><a href=\"https:\/\/www.crossborderarchives.eu\/wp-content\/uploads\/2012\/05\/web-search-grey.png.png\"><img loading=\"lazy\" decoding=\"async\" class=\"wp-image-1206 alignleft\" src=\"https:\/\/www.crossborderarchives.eu\/wp-content\/uploads\/2012\/05\/web-search-grey.png.png\" alt=\"\" width=\"100\" height=\"87\" \/><\/a>Projekt Pam\u00e4\u0165 bez hran\u00edc\u00a0 &#8211; historick\u00e9 dokumenty ako z\u00e1klad pre hranice <\/strong><strong>prekra\u010duj\u00facu kult\u00faru a identitu, predstavuje svoj online port\u00e1l. Prv\u00e9 arch\u00edvne dokumenty t\u00fdkaj\u00face sa slovensko-rak\u00faskeho pohrani\u010dia si mo\u017eno prezera\u0165 online a gr\u00e1tis v\u010faka n\u00e1\u0161mu port\u00e1lu.<\/strong><\/span><\/p>\n<p>&nbsp;<\/p>\n<p style=\"padding-left: 30px; text-align: justify;\"><span style=\"color: #000000;\">Do j\u00fana 2014 bud\u00fa nasleduj\u00face arch\u00edvne dokumenty pr\u00edstupn\u00e9 prostredn\u00edctvom internetu:<\/span><\/p>\n<p style=\"padding-left: 30px;\"><span style=\"color: #000000;\"><strong><a href=\"https:\/\/www.crossborderarchives.eu\/wp-content\/uploads\/2012\/05\/Robert-im-DOZA-Klein.jpg\"><img loading=\"lazy\" decoding=\"async\" class=\"wp-image-1751 alignleft\" src=\"https:\/\/www.crossborderarchives.eu\/wp-content\/uploads\/2012\/05\/Robert-im-DOZA-Klein.jpg\" alt=\"\" width=\"100\" height=\"106\" srcset=\"https:\/\/www.crossborderarchives.eu\/wp-content\/uploads\/2012\/05\/Robert-im-DOZA-Klein.jpg 634w, https:\/\/www.crossborderarchives.eu\/wp-content\/uploads\/2012\/05\/Robert-im-DOZA-Klein-280x300.jpg 280w\" sizes=\"(max-width: 100px) 100vw, 100px\" \/><\/a>Dokumenty, ktor\u00e9 digitalizuj\u00fa rak\u00faski partneri<\/strong><\/span><\/p>\n<ul>\n<li><span style=\"color: #000000;\">vojensk\u00e9 matriky, ktor\u00e9 obsahuj\u00fa aj inform\u00e1cie o slovensko &#8211; rak\u00faskom pohranic\u00ed<\/span><\/li>\n<li><span style=\"color: #000000;\">matriky r\u00edmskokatol\u00edckej cirkvi<\/span><\/li>\n<\/ul>\n<p style=\"padding-left: 30px;\"><a href=\"https:\/\/www.crossborderarchives.eu\/?page_id=244&amp;lang=sk\" target=\"_blank\" rel=\"noopener\">&gt;&gt;&gt;Viac inform\u00e1ci\u00ed<\/a><\/p>\n<p style=\"padding-left: 30px;\"><span style=\"color: #000000;\"><strong>Dokumenty, ktor\u00e9 digitalizuj\u00fa slovensk\u00ed partneri<\/strong><\/span><\/p>\n<ul>\n<li><span style=\"color: #000000;\">protokoly zo zasadnut\u00ed Rady mesta Bratislava<\/span><\/li>\n<li><span style=\"color: #000000;\">arch\u00edvne dokumenty z cinnosti Bratislavskej \u017eupy<\/span><\/li>\n<li><span style=\"color: #000000;\">cirkevn\u00e9 matriky<\/span><\/li>\n<\/ul>\n<p style=\"padding-left: 30px;\"><span style=\"color: #0000ff;\"><span style=\"color: #0000ff;\"><a href=\"https:\/\/www.crossborderarchives.eu\/?page_id=244&amp;lang=sk\" target=\"_blank\" rel=\"noopener\">&gt;&gt;&gt;Viac inform\u00e1ci\u00ed<\/a><\/span><\/span><\/p>\n<p style=\"padding-left: 30px; text-align: justify;\"><span style=\"color: #000000;\">Dokonca aj po ofici\u00e1lnom ukon\u010den\u00ed projektu v j\u00fani 2014 nov\u00e9 dokumenty pohrani\u010dia Slovensko-Rak\u00fasko aj na\u010falej vykona\u0165 on-line na platforme crossborderarchives.<\/span><\/p>\n<p><\/p>","protected":false},"excerpt":{"rendered":"<p>&nbsp; Online &#8211; port\u00e1l s vyh\u013ead\u00e1van\u00edm &gt;&gt;&gt; Projekt Pam\u00e4\u0165 bez hran\u00edc\u00a0 &#8211; historick\u00e9 dokumenty ako z\u00e1klad pre hranice prekra\u010duj\u00facu kult\u00faru a identitu, predstavuje svoj online port\u00e1l. Prv\u00e9 arch\u00edvne dokumenty t\u00fdkaj\u00face sa slovensko-rak\u00faskeho pohrani\u010dia si mo\u017eno prezera\u0165 online a gr\u00e1tis v\u010faka n\u00e1\u0161mu port\u00e1lu. &nbsp; Do j\u00fana 2014 bud\u00fa nasleduj\u00face arch\u00edvne dokumenty pr\u00edstupn\u00e9 prostredn\u00edctvom internetu: Dokumenty, ktor\u00e9 [&hellip;]<\/p>\n","protected":false},"author":2,"featured_media":0,"parent":206,"menu_order":8,"comment_status":"closed","ping_status":"closed","template":"","meta":{"footnotes":""},"_links":{"self":[{"href":"https:\/\/www.crossborderarchives.eu\/sk\/wp-json\/wp\/v2\/pages\/2084"}],"collection":[{"href":"https:\/\/www.crossborderarchives.eu\/sk\/wp-json\/wp\/v2\/pages"}],"about":[{"href":"https:\/\/www.crossborderarchives.eu\/sk\/wp-json\/wp\/v2\/types\/page"}],"author":[{"embeddable":true,"href":"https:\/\/www.crossborderarchives.eu\/sk\/wp-json\/wp\/v2\/users\/2"}],"replies":[{"embeddable":true,"href":"https:\/\/www.crossborderarchives.eu\/sk\/wp-json\/wp\/v2\/comments?post=2084"}],"version-history":[{"count":79,"href":"https:\/\/www.crossborderarchives.eu\/sk\/wp-json\/wp\/v2\/pages\/2084\/revisions"}],"predecessor-version":[{"id":2965,"href":"https:\/\/www.crossborderarchives.eu\/sk\/wp-json\/wp\/v2\/pages\/2084\/revisions\/2965"}],"up":[{"embeddable":true,"href":"https:\/\/www.crossborderarchives.eu\/sk\/wp-json\/wp\/v2\/pages\/206"}],"wp:attachment":[{"href":"https:\/\/www.crossborderarchives.eu\/sk\/wp-json\/wp\/v2\/media?parent=2084"}],"curies":[{"name":"wp","href":"https:\/\/api.w.org\/{rel}","templated":true}]}}