{"id":206,"date":"2012-04-26T10:51:18","date_gmt":"2012-04-26T08:51:18","guid":{"rendered":"https:\/\/www.crossborderarchives.eu\/?page_id=206"},"modified":"2015-01-26T12:50:47","modified_gmt":"2015-01-26T11:50:47","slug":"our-goals","status":"publish","type":"page","link":"https:\/\/www.crossborderarchives.eu\/sk\/our-goals\/","title":{"rendered":"Pam\u00e4\u0165 bez hran\u00edc"},"content":{"rendered":"<p><\/p>\n<h6 style=\"padding-left: 30px\"><span style=\"color: #800000\"><strong><a href=\"https:\/\/www.crossborderarchives.eu\/files\/2012\/04\/About_the_project.jpg\"><img loading=\"lazy\" decoding=\"async\" class=\"aligncenter size-full wp-image-2607\" alt=\"About_the_project\" src=\"https:\/\/www.crossborderarchives.eu\/files\/2012\/04\/About_the_project.jpg\" width=\"646\" height=\"238\" srcset=\"https:\/\/www.crossborderarchives.eu\/wp-content\/uploads\/2012\/04\/About_the_project.jpg 646w, https:\/\/www.crossborderarchives.eu\/wp-content\/uploads\/2012\/04\/About_the_project-300x110.jpg 300w\" sizes=\"(max-width: 646px) 100vw, 646px\" \/><\/a>Historick\u00e9 dokumenty ako z\u00e1klad pre hranicu prekra\u010duj\u00facu identitu a kult\u00faru<\/strong><\/span><\/h6>\n<p style=\"text-align: justify;padding-left: 30px\"><span style=\"color: #000000\"><strong>Dejiny Slovenska a Rak\u00faska s\u00fa prepleten\u00e9 mnoh\u00fdmi spolo\u010dn\u00fdmi kore\u0148mi. T\u00e1to spolo\u010dn\u00e1 kult\u00farna identita bola nieko\u013ekokr\u00e1t n\u00e1silne pretrhnut\u00e1, obzvl\u00e1\u0161\u0165 po vzniku \u017eeleznej opony. Len pred p\u00e1r rokmi, predov\u0161etk\u00fdm vstupom stredoeur\u00f3pskych kraj\u00edn do Eur\u00f3pskej \u00fanie, za\u010dali tieto prek\u00e1\u017eky mizn\u00fa\u0165 a nanovo sa utvoril priestor pre op\u00e4tovn\u00fa spolupr\u00e1cu v oblasti kult\u00fary.<\/strong><\/span><\/p>\n<p style=\"text-align: justify;padding-left: 30px\"><span style=\"color: #000000\">Mnoho prame\u0148ov dokumentuj\u00facich historick\u00fd v\u00fdvoj slovensko-rak\u00faskeho pohrani\u010dia je ulo\u017een\u00fdch v \u00fastredn\u00fdch, region\u00e1lnych a cirkevn\u00fdch arch\u00edvoch oboch kraj\u00edn. T\u00e1to d\u00f4le\u017eit\u00e1 \u010das\u0165 eur\u00f3pskeho kult\u00farneho dedi\u010dstva bola po dlh\u00fa dobu nepr\u00edstupn\u00e1.<\/span><\/p>\n<p style=\"text-align: justify;padding-left: 30px\"><span style=\"color: #000000\">Cie\u013eom projektu \u201ePam\u00e4\u0165 bez hran\u00edc\u201c je povznies\u0165 sa nad prek\u00e1\u017eky ako je jazykov\u00e1 bari\u00e9ra, \u010di obmedzen\u00fd pr\u00edstup a prostredn\u00edctvom modern\u00fdch informa\u010dn\u00fdch technol\u00f3gi\u00ed umo\u017eni\u0165 pr\u00edstup k arch\u00edvnym dokumentom \u0161irokej verejnosti oboch kraj\u00edn, bez oh\u013eadu na priestor, \u010das a soci\u00e1lny status.<\/span><\/p>\n<\/p>\n<p><\/p>","protected":false},"excerpt":{"rendered":"<p>Historick\u00e9 dokumenty ako z\u00e1klad pre hranicu prekra\u010duj\u00facu identitu a kult\u00faru Dejiny Slovenska a Rak\u00faska s\u00fa prepleten\u00e9 mnoh\u00fdmi spolo\u010dn\u00fdmi kore\u0148mi. T\u00e1to spolo\u010dn\u00e1 kult\u00farna identita bola nieko\u013ekokr\u00e1t n\u00e1silne pretrhnut\u00e1, obzvl\u00e1\u0161\u0165 po vzniku \u017eeleznej opony. Len pred p\u00e1r rokmi, predov\u0161etk\u00fdm vstupom stredoeur\u00f3pskych kraj\u00edn do Eur\u00f3pskej \u00fanie, za\u010dali tieto prek\u00e1\u017eky mizn\u00fa\u0165 a nanovo sa utvoril priestor pre op\u00e4tovn\u00fa spolupr\u00e1cu [&hellip;]<\/p>\n","protected":false},"author":2,"featured_media":0,"parent":0,"menu_order":1,"comment_status":"closed","ping_status":"closed","template":"","meta":{"footnotes":""},"_links":{"self":[{"href":"https:\/\/www.crossborderarchives.eu\/sk\/wp-json\/wp\/v2\/pages\/206"}],"collection":[{"href":"https:\/\/www.crossborderarchives.eu\/sk\/wp-json\/wp\/v2\/pages"}],"about":[{"href":"https:\/\/www.crossborderarchives.eu\/sk\/wp-json\/wp\/v2\/types\/page"}],"author":[{"embeddable":true,"href":"https:\/\/www.crossborderarchives.eu\/sk\/wp-json\/wp\/v2\/users\/2"}],"replies":[{"embeddable":true,"href":"https:\/\/www.crossborderarchives.eu\/sk\/wp-json\/wp\/v2\/comments?post=206"}],"version-history":[{"count":153,"href":"https:\/\/www.crossborderarchives.eu\/sk\/wp-json\/wp\/v2\/pages\/206\/revisions"}],"predecessor-version":[{"id":293,"href":"https:\/\/www.crossborderarchives.eu\/sk\/wp-json\/wp\/v2\/pages\/206\/revisions\/293"}],"wp:attachment":[{"href":"https:\/\/www.crossborderarchives.eu\/sk\/wp-json\/wp\/v2\/media?parent=206"}],"curies":[{"name":"wp","href":"https:\/\/api.w.org\/{rel}","templated":true}]}}