{"id":810,"date":"2012-05-21T12:24:32","date_gmt":"2012-05-21T10:24:32","guid":{"rendered":"https:\/\/www.crossborderarchives.eu\/?page_id=810"},"modified":"2014-07-04T13:07:48","modified_gmt":"2014-07-04T11:07:48","slug":"links-and-downloads","status":"publish","type":"page","link":"https:\/\/www.crossborderarchives.eu\/de\/our-cultural-exchange-programmes\/links-and-downloads\/","title":{"rendered":"PR Aktivit\u00e4ten"},"content":{"rendered":"<p><span style=\"color: #000000\"><strong>Hier finden Sie zahlreiche Infomaterialien zum Download&#8230;<\/strong><\/span><\/p>\n<h6><a href=\"https:\/\/www.crossborderarchives.eu\/files\/2012\/05\/blue_download_button11.png\"><img loading=\"lazy\" decoding=\"async\" src=\"https:\/\/www.crossborderarchives.eu\/files\/2012\/05\/blue_download_button11.png\" alt=\"\" width=\"64\" height=\"30\" \/><\/a><\/h6>\n<h6><\/h6>\n<p><a href=\"http:\/\/documents.icar-us.eu\/?post_type=document&amp;p=1336\" target=\"_blank\"><strong>Folder Cross Border Archives<\/strong><\/a><\/p>\n<h6><span style=\"color: #800000\"><strong>KONGRESSE &amp; WORKSHOPS<\/strong><\/span><\/h6>\n<h6><\/h6>\n<p style=\"padding-left: 30px\"><strong><span style=\"color: #000000\">5. Juni 2012: &#8222;Modern face of archival science &#8211; Archival documents online&#8220; &#8211; Universit\u00e4tsbibliothek Bratislava (SK)<\/span> <\/strong><\/p>\n<h6><a href=\"https:\/\/www.crossborderarchives.eu\/files\/2012\/05\/blue_download_button11.png\"><img loading=\"lazy\" decoding=\"async\" src=\"https:\/\/www.crossborderarchives.eu\/files\/2012\/05\/blue_download_button11.png\" alt=\"\" width=\"64\" height=\"30\" \/><\/a><\/h6>\n<p><a href=\"http:\/\/de.slideshare.net\/icaruseu\/the-austrian-state-archives-partner-of-the-interreg-project-crarc\" target=\"_blank\">The Austrian State Archives &#8211; Partner of the Interreg project CrArc<\/a><\/p>\n<p><a href=\"http:\/\/de.slideshare.net\/icaruseu\/neuveriten-sa-stalo-skutonosou-ttny-archv-v-bratislave-a-projekt-crarc\" target=\"_blank\">The State Archives in Bratislava and the project CrArc<\/a><\/p>\n<p><a href=\"http:\/\/de.slideshare.net\/icaruseu\/austrian-registers-on-their-way-into-the-web-icarus-as-coordinator-platform-and-actor\" target=\"_blank\">Austrian registers on their way into the web &#8211; ICARUS as coordinator, platform and actor<\/a><\/p>\n<p style=\"padding-left: 30px\"><span style=\"color: #000000\"><strong>26. Juni 2012: ICARUS Meeting im Kloster Einsiedeln (CH)<\/strong><\/span><\/p>\n<h6><a href=\"https:\/\/www.crossborderarchives.eu\/files\/2012\/05\/blue_download_button11.png\"><img loading=\"lazy\" decoding=\"async\" src=\"https:\/\/www.crossborderarchives.eu\/files\/2012\/05\/blue_download_button11.png\" alt=\"\" width=\"64\" height=\"30\" \/><\/a><\/h6>\n<p><a href=\"http:\/\/de.slideshare.net\/icaruseu\/memory-without-borders-cross-border-archives-2012-2014\" target=\"_blank\">Memory without borders &#8211; Cross border archives 2012 \u2013 2014<\/a><\/p>\n<p style=\"padding-left: 30px\"><span style=\"color: #000000\"><strong>11. &#8211; 12. Oktober 2012: EBNA Meeting in Nicosia (ZY)<\/strong><\/span><\/p>\n<h6><a href=\"https:\/\/www.crossborderarchives.eu\/files\/2012\/05\/blue_download_button11.png\"><img loading=\"lazy\" decoding=\"async\" src=\"https:\/\/www.crossborderarchives.eu\/files\/2012\/05\/blue_download_button11.png\" alt=\"\" width=\"64\" height=\"30\" \/><\/a><\/h6>\n<p><a href=\"http:\/\/de.slideshare.net\/icaruseu\/jozef-hanus-some-national-and-international-projects-2\" target=\"_blank\">Some national and international projects in Slovak archives<\/a><\/p>\n<p style=\"padding-left: 30px\"><span style=\"color: #000000\"><strong>17.- 18. Oktober 2012: <strong>&#8222;\u00d6sterreichs Archive in Europa&#8220;<\/strong> Workshop im \u00d6sterreichischen Staatsarchiv<\/strong> <strong>(AT)<\/strong><\/span><\/p>\n<h6><\/h6>\n<h6><a href=\"https:\/\/www.crossborderarchives.eu\/files\/2012\/05\/blue_download_button11.png\"><img loading=\"lazy\" decoding=\"async\" src=\"https:\/\/www.crossborderarchives.eu\/files\/2012\/05\/blue_download_button11.png\" alt=\"\" width=\"64\" height=\"30\" \/><\/a><\/h6>\n<h6><\/h6>\n<p><a href=\"http:\/\/www.slideshare.net\/icaruseu\/crarc-als-motor-einer-verstrkten-zusammenarbeit-zwischen-sterreichischen-und-slowakischen-archiven\" target=\"_blank\">The ETC project CrArc &#8211; A multiplier for cross border cooperation of Slovak and Austrian Archives<\/a><\/p>\n<p><a href=\"http:\/\/de.slideshare.net\/icaruseu\/ortis-skat-programm121017\" target=\"_blank\">Creating the future &#8211; Cross-border cooperation programme Slovak Republic \u2013 Austria 2007-2013 <\/a><\/p>\n<p><a href=\"http:\/\/de.slideshare.net\/icaruseu\/some-national-and-international-projects-projects-in-slovak-archives\" target=\"_blank\">Some national and international projects in Slovak archives<\/a><\/p>\n<p><a href=\"http:\/\/de.slideshare.net\/icaruseu\/the-austrian-state-archives-and-its-importance-for-interregional-research\" target=\"_blank\">The Austrian State Archives and its Importance for Interregional Research<\/a><\/p>\n<p><a href=\"http:\/\/de.slideshare.net\/icaruseu\/das-niedersterreichische-landesarchiv\" target=\"_blank\">The Lower Austrian Archives\u00a0<\/a><\/p>\n<p><a href=\"http:\/\/de.slideshare.net\/icaruseu\/state-archives-in-bratislava-past-present-future\" target=\"_blank\">State Archives in Bratislava \u2013 Past \u2013 Present \u2013 Future<\/a><\/p>\n<p><a href=\"http:\/\/de.slideshare.net\/icaruseu\/municipal-and-state-archives-of-vienna\" target=\"_blank\">Municipal and state archives of Vienna<\/a><\/p>\n<p><a href=\"http:\/\/de.slideshare.net\/icaruseu\/das-archiv-der-hauptstadt-der-slowakischen-republik\" target=\"_blank\">The Archive of the capital City in Bratislava &#8211; History and present<\/a><\/p>\n<p><a href=\"http:\/\/de.slideshare.net\/icaruseu\/die-wimmers-geschichte-einer-sterreichischen-familie-in-pressburg\" target=\"_blank\">Die Wimmers &#8211; Geschichte einer \u00f6sterreichischen Familie in Pressburg<\/a><\/p>\n<p><a href=\"http:\/\/de.slideshare.net\/icaruseu\/austria-in-archival-documents-of-slovak-national-archive\" target=\"_blank\">Austria in Archival Documents of Slovak National Archive<\/a><\/p>\n<p><a href=\"http:\/\/de.slideshare.net\/icaruseu\/austria-in-archive-documents-of-state-archives-in-bratislava\" target=\"_blank\">Austria in Archive documents of State Archives in Bratislava<\/a><\/p>\n<p><a href=\"http:\/\/de.slideshare.net\/icaruseu\/the-wienerwelten-family-crossborder-activities-across-march-and-danube\" target=\"_blank\">The Wienerwelten Family &#8211; Crossborder Activities across March and Danube<\/a><\/p>\n<p><a href=\"http:\/\/de.slideshare.net\/icaruseu\/projekt-crarc-franziszischer-kataster-n-herrschaftsarchive\" target=\"_blank\">Project CrArc &#8211; &#8222;Franzisz\u00e4ischer Kataster &amp; N\u00d6 Herrschaftsarchive&#8220;<\/a><\/p>\n<p><a href=\"http:\/\/de.slideshare.net\/icaruseu\/grenzregion-slowakei-ausgewhlte-dokumente-aus-dem-nla\" target=\"_blank\">The Border Region Austria &#8211; Slovak Republic &#8211; selcted documents from the Lower Austrian Archives<\/a><\/p>\n<p style=\"padding-left: 30px\"><span style=\"color: #000000\"><strong>19. &#8211; 20. M\u00e4rz 2013: &#8222;Die M\u00fcndung zweier Fl\u00fcsse. Leben an der \u00f6sterreichisch-slowakischen Grenze&#8220; Workshop im Schloss von Bratislava<\/strong><\/span><\/p>\n<p><a href=\"http:\/\/www.stv.sk\/online\/archiv\/spravy-stv?id=52895&amp;date=2013-03-31&amp;section=37654\">Videoarchiv: Presentation des Projekts &#8222;Crossborder Archives&#8220; und des Workshops im slowakischen Fernsehen (<\/a><a title=\"Minulos\u0165 na webe. Aj takto mo\u017eno ozna\u010di\u0165 rak\u00fasko-slovensk\u00fd projekt Pam\u00e4\u0165 bez hran\u00edc. Do bud\u00faceho roka m\u00e1 zdigitalizova\u0165 tis\u00edcky historick\u00fdch dokumentov z oboch kraj\u00edn. Ke\u010f bud\u00fa na internete, historikom sa aspo\u0148 na chv\u00ed\u013eu, m\u00f4\u017ee sta\u0165 ka\u017ed\u00fd.\" href=\"http:\/\/www.stv.sk\/online\/archiv\/spravy-stv?id=52895&amp;date=2013-03-31&amp;section=37654\">Archiv\u00e1ri pripravuj\u00fa Pam\u00e4\u0165 bez hran\u00edc<\/a> &#8211; Spr\u00e1vy RTVS)<\/p>\n<h6><a href=\"https:\/\/www.crossborderarchives.eu\/files\/2012\/05\/blue_download_button11.png\"><img loading=\"lazy\" decoding=\"async\" src=\"https:\/\/www.crossborderarchives.eu\/files\/2012\/05\/blue_download_button11.png\" alt=\"\" width=\"64\" height=\"30\" \/><\/a><\/h6>\n<p><a href=\"http:\/\/documents.icar-us.eu\/documents\/2013\/04\/abstract-in-rivers-confluence_about-crarc_19_3_13.pdf\" target=\"_blank\">Abstract &#8222;About the project CrArc&#8220;<\/a><\/p>\n<p><a href=\"http:\/\/documents.icar-us.eu\/documents\/2013\/04\/abstracts-in-rivers-confluence-19_3_13.pdf\" target=\"_blank\">Abstracts der Vortr\u00e4ge: 19. M\u00e4rz 2013<\/a><\/p>\n<p><a href=\"http:\/\/documents.icar-us.eu\/documents\/2013\/04\/abstracts-in-rivers-confluence-20_3_13.pdf\" target=\"_blank\">Abstracts der Vortr\u00e4ge: 20. M\u00e4rz 2013<\/a><\/p>\n<p>Pr\u00e4sentationen<\/p>\n<p><a href=\"http:\/\/de.slideshare.net\/icaruseu\/mach-military-clergy-and-military-church-in-the-habsburg-empire\" target=\"_blank\">Military Clergy and Military Church in the Habsburg Empire<\/a><\/p>\n<p><a href=\"http:\/\/de.slideshare.net\/icaruseu\/vstavba-eskoslovenskch-opevnen-v-bratislavskom-predmost-a-v-regine-zhoria-1933-1938\" target=\"_blank\">The construction of the Czechoslovak border fortification in Bratislava bridgehead and the region Z\u00e1horie<\/a><\/p>\n<p><a href=\"http:\/\/de.slideshare.net\/icaruseu\/slovensk-reemigranti-z-rakska-po-roku-1945-a-ich-osudy\" target=\"_blank\">Slovak re-immigrants from Austria after 1945 and their lifes<\/a><\/p>\n<p><a href=\"http:\/\/de.slideshare.net\/icaruseu\/na-trase-viede-hol-atn-vplyv-viedenskej-centrlnej-sprvy-na-vvoj-cisrskych-panstiev-hol-a-atn\" target=\"_blank\">On the road \u2013 Hol\u00ed\u010d \u2013 \u0160a\u0161t\u00edn. Influence of the central government in Wien on the development of the imperial domains Hol\u00ed\u010d and \u0160a\u0161t\u00edn<\/a><\/p>\n<p><a href=\"http:\/\/de.slideshare.net\/icaruseu\/itkov-predmety-viedenskej-proveniencie-v-preporskch-metianskych-domcnostiach-pred-rokom-1918\" target=\"_blank\">Utilities of Viennese provenance in the interiors of burgesses is Bratislava before 1918<\/a><\/p>\n<p><a href=\"http:\/\/de.slideshare.net\/icaruseu\/slovensk-lokaj-na-dvore-frantika-jozefa-anton-szmolen-18561939\" target=\"_blank\">Slovak servant on the court of Franz Joseph I (Anton Szmolen 1856-1939)<\/a><\/p>\n<p><a href=\"http:\/\/de.slideshare.net\/icaruseu\/mesto-a-monarchia-muzealizcia-vzahov\" target=\"_blank\">The city and the monarchy \u2013 musealization of the relationships<\/a><\/p>\n<p><a href=\"http:\/\/de.slideshare.net\/icaruseu\/dunaj-na-slovensko-rakskom-pomedz\" target=\"_blank\">The Danube at Slovak-Austrian border region<\/a><\/p>\n<p><a href=\"http:\/\/de.slideshare.net\/icaruseu\/prievoz-vo-vekch-levroch\" target=\"_blank\">The ferry boat in Vel\u00b4k\u00e9 Lev\u00e1re<\/a><\/p>\n<p><a href=\"http:\/\/de.slideshare.net\/icaruseu\/dunaj-a-stredovek-bratislava-dobr-sluha-a-zl-pn\" target=\"_blank\">Danube and medieval Bratislava \u2013 good servant and bad master<\/a><\/p>\n<p><a href=\"http:\/\/de.slideshare.net\/icaruseu\/uhorskorakske-pomedzie-za-4-koalinej-vojny\" target=\"_blank\">Hungarian-Austrian border region during the war of the fourth coalition in 1809<\/a><\/p>\n<p><a href=\"http:\/\/de.slideshare.net\/icaruseu\/remeselnci-v-cenovej-limitcii-bratislavskej-stolice-z-roku-1706\" target=\"_blank\">Craftsmen in price limitation of the Bratislva County (1706)<\/a><\/p>\n<p><a href=\"http:\/\/de.slideshare.net\/icaruseu\/mal-pohranin-styk-na-slovenskorakskom-pomedz-hranice-a-obyvatelia-za-1-sr\" target=\"_blank\">Local border traffic in the Slovak-Austrian border region. Borders and inhabitants during the First Czechoslovak Republic<\/a><\/p>\n<p><a href=\"http:\/\/de.slideshare.net\/icaruseu\/na-hranici-bratislavskej-stolice-a-rakska-v-18-stor-18397428\" target=\"_blank\">On the borders of the Bratislava County and Austria in the 18th century<\/a><\/p>\n<p style=\"padding-left: 30px\"><span style=\"color: #000000\"><strong>7. November 2013: &#8222;Cross Border Archives&#8220; Workshop in der N\u00d6 Landesbibliothek<\/strong><\/span><\/p>\n<h6><a href=\"https:\/\/www.crossborderarchives.eu\/files\/2012\/05\/blue_download_button11.png\"><img loading=\"lazy\" decoding=\"async\" src=\"https:\/\/www.crossborderarchives.eu\/files\/2012\/05\/blue_download_button11.png\" alt=\"\" width=\"64\" height=\"30\" \/><\/a><\/h6>\n<p><span style=\"color: #000000\">Presentationen<\/span><\/p>\n<p><a href=\"http:\/\/de.slideshare.net\/icaruseu\/cross-border-archives-vortrag71113\" target=\"_blank\">Cross Border Archives. \u00d6sterreich &#8211; Slowakei (mit Informationen zur Nutzung der Online-Database)<\/a><\/p>\n<p><a href=\"http:\/\/de.slideshare.net\/icaruseu\/archive-in-der-slowakei\" target=\"_blank\">Archive in der Slowakei. Organisation, Aufgaben und Gesetzgebung<\/a><\/p>\n<h6><strong><span style=\"color: #800000\">ABSCHLUSSKONFERENZ<\/span><\/strong><\/h6>\n<p style=\"padding-left: 30px\"><span style=\"color: #000000\"><strong>13. \u2013 14. Mai 2014: \u201eGed\u00e4chtnis ohne Grenzen \u2013 Archive der \u00d6sterreichisch-Slowakischen Grenzregion. Gegenwart und Zukunft\u201c Burg Bratislava &amp; \u00d6sterreichisches Staatsarchiv<\/strong><\/span><\/p>\n<p><strong><a href=\"https:\/\/www.youtube.com\/playlist?list=PLPxYXJeDtV4S4d_AjzBaaRsDKsagGyBYz&amp;action_edit=1\" target=\"_blank\">Videos aller Vortr\u00e4ge und Diskussionen in ganzer L\u00e4nge (YouTube)<\/a><\/strong><\/p>\n<h6><a href=\"https:\/\/www.crossborderarchives.eu\/files\/2012\/05\/blue_download_button11.png\"><img loading=\"lazy\" decoding=\"async\" src=\"https:\/\/www.crossborderarchives.eu\/files\/2012\/05\/blue_download_button11.png\" alt=\"\" width=\"64\" height=\"30\" \/><\/a><\/h6>\n<p><strong><span style=\"color: #000000\">Presentationen<\/span><\/strong><\/p>\n<p><a href=\"http:\/\/www.slideshare.net\/icaruseu\/das-etz-projekt-gedchtnis-ohne-grenzen%20http:\/\/\" target=\"_blank\">Corinna Ziegler (ICARUS): Das ETZ Projekt Ged\u00e4chtnis ohne Grenzen. Onlinequellen \u00d6sterreichischer und slowakischer Archive der Grenzregion\u00a0\u00a0\u00a0\u00a0\u00a0\u00a0<\/a><\/p>\n<p><a href=\"http:\/\/de.slideshare.net\/icaruseu\/das-staatsarchiv-in-bratislava-als-partner-des-projekts-crarc%20\" target=\"_blank\">Lenka Pavl\u00edkov\u00e1 (Staatsarchiv Bratislava): Das Staatsarchiv in Bratislava als Partner des Projekts CrArc<\/a><\/p>\n<p><a href=\"http:\/\/de.slideshare.net\/icaruseu\/die-aufgaben-des-archivs-der-hauptstadt-bratislava-im-projekt-crarc%20\" target=\"_blank\">Krist\u00edna S\u00e1melov\u00e1 (Archiv der Hauptstadt der SK Republik in Bratislava): Die Aufgaben des Archivs der Hauptstadt der Slowakischen Republik in Bratislava im Projekt CrArc<\/a><\/p>\n<p><a href=\"http:\/\/de.slideshare.net\/icaruseu\/wege-einer-entdeckungsreise-gemeinsames-wird-sichtbar-rckblick-und-ausblick%20\" target=\"_blank\">Renate Domnanich (\u00d6sterreichisches Staatsarchiv): Wege einer Entdeckungsreise &#8211; Gemeinsames wird sichtbar. R\u00fcckblick und Ausblick\u00a0<\/a><\/p>\n<p><span style=\"color: #000000\">Juraj \u0160ediv\u00fd (Comenius Universit\u00e4t Bratislava): Forscher &#8211; Archive &#8211; Digitalisierung. Zwischen Utopie und Realit\u00e4t<\/span><\/p>\n<p><a href=\"http:\/\/documents.icar-us.eu\/?p=2997%20\" target=\"_blank\">Dietmar Cziesla(Family Search): FamilySearch -Kooperationspartner der Archive in \u00d6sterreich und Europa<\/a><\/p>\n<p><a href=\"http:\/\/documents.icar-us.eu\/?p=3000%20\" target=\"_blank\">Rudolf Maurer (Rollettmuseum &#8211; Stadtarchiv Baden): Von Badeg\u00e4sten, wandernden Gesellen und fliehenden M\u00f6nchen \u2013 zur \u00fcberregionalen Bedeutung von Kommunalarchiven<\/a><\/p>\n<p><a href=\"http:\/\/documents.icar-us.eu\/?p=3003%20\" target=\"_blank\">Alexander Schatek (Topothek): Die Topothek als Beitrag zur regionalen Identit\u00e4tsentwicklung<\/a><\/p>\n<p><a href=\"http:\/\/de.slideshare.net\/icaruseu\/bedeutung-anwendung-und-benutzerfreundlichkeit-der-kongregationsdokumente-der-pressburger-gespanschaft%20\" target=\"_blank\">M\u00e1ria Zacharov\u00e1 (Staatsarchiv Bratislava): Bedeutung, Anwendung und Benutzerfreundlichkeit der Kongregationsdokumente der Pressburger: Gespanschaft\u00a0<\/a><\/p>\n<p><a href=\"http:\/\/de.slideshare.net\/icaruseu\/meine-recherche-in-archiven%20\" target=\"_blank\">J\u00e1n Valo (Comenius Universit\u00e4t Bratislava): Meine Recherche in Archiven<\/a><\/p>\n<p><a href=\"http:\/\/de.slideshare.net\/icaruseu\/ein-kleines-ortsarchiv-zwischen-heimatkundlichem-service-und-wissenschaftlichem-anspruch%20\" target=\"_blank\">Anton Hofer (Archiv Matzen): Ein kleines Ortsarchiv \u2013 Zwischen heimatkundlichem Service und wissenschaftlichem Anspruch<\/a><\/p>\n<p><a href=\"https:\/\/prezi.com\/m-ss4hjk5eeu\/\" target=\"_blank\">Georg Gaugusch (Heraldisch-Genealogische Gesellschaft &#8222;Adler&#8220;): Die Heraldisch-Genealogische Gesellschaft Adler in Wien &#8211; 140 Jahre im Dienst der Wissenschaft<\/a><\/p>\n<p><a href=\"http:\/\/documents.icar-us.eu\/?p=3006%20\" target=\"_blank\">Radoslav Raga\u010d (Slowakisches Nationalarchiv): Die Aktivit\u00e4ten der Slowakischen genealogisch-heraldischen Gesellschaft<\/a><\/p>\n<p><a href=\"http:\/\/de.slideshare.net\/icaruseu\/genteam-die-europische-genealogische-datenbank\" target=\"_blank\">Felix Gundacker (Gen Team): GenTeam \u2013 Die Europ\u00e4ische genealogische Datenbank\u00a0<\/a><\/p>\n<p><a href=\"http:\/\/documents.icar-us.eu\/?p=3009%20\" target=\"_blank\">G\u00fcnter Ofner (Familia Austria): Familia Austria. \u00d6sterreichische Gesellschaft f\u00fcr Genealogie und Geschichte &#8211; Was wir f\u00fcr Sie tun k\u00f6nnen.<\/a><\/p>\n<p><a href=\"http:\/\/de.slideshare.net\/icaruseu\/das-dizesanarchiv-wien-ein-berblick-ber-seine-bestnde%20\" target=\"_blank\">Johann Wei\u00dfensteiner (Di\u00f6zesanarchiv Wien): Das Di\u00f6zesanarchiv Wien \u2013 ein \u00dcberblick \u00fcber seine Best\u00e4nde. Mit besonderer Ber\u00fccksichtigung von Wien als Studienort f\u00fcr F\u00fchrungskr\u00e4fte im slowakischen Klerus von 1816 bis 1918\u00a0\u00a0<\/a><\/p>\n<p><a href=\"http:\/\/documents.icar-us.eu\/?p=3012%20\" target=\"_blank\">Roman Zehetmayer (N\u00d6 Landesarchiv): Urkunden und Grenze. Die Urkundensammlungen des N\u00d6 Landesarchivs und die Erforschung der nord\u00f6stlichen Grenzregion\u00a0\u00a0\u00a0\u00a0\u00a0<\/a><\/p>\n<p><a href=\"http:\/\/de.slideshare.net\/icaruseu\/bestnde-der-bezirkshauptmannschaften-bruckleitha-gnserndorf%20\" target=\"_blank\">Martina R\u00f6dl (N\u00d6 Landesarchiv): Best\u00e4nde der Bezirkshauptmannschaften unter besonderer Ber\u00fccksichtigung der Bezirke G\u00e4nserndorf und Bruck\/Leitha<\/a><\/p>\n<p><a href=\"http:\/\/de.slideshare.net\/icaruseu\/das-dokumentationsarchiv-des-sterreichischen-widerstandes%20\" target=\"_blank\">Stephan Roth (Dokumentationsarchiv des \u00f6sterreichischen Widerstandes): Das Dokumentationsarchiv des \u00f6sterreichischen Widerstandes &#8211; T\u00e4tigkeiten und Recherechem\u00f6glichkeiten<\/a><\/p>\n<p><a href=\"http:\/\/de.slideshare.net\/icaruseu\/ins-gedchtnis-der-stadt-wien-neue-wege-fr-forschung-und-vermittlung%20\" target=\"_blank\">Brigitte Rigele (Wiener Stadt- und Landesarchiv): Ins Ged\u00e4chtnis der Stadt Wien \u2013 Neue Wege f\u00fcr Forschung und Vermittlung<\/a><\/p>\n<p><a href=\"http:\/\/de.slideshare.net\/icaruseu\/magistrats-protokolle-als-quelle-der-stadtgeschichte%20\" target=\"_blank\">J\u00e1n K\u00fakel (Archiv der Hauptstadt der Slowakischen Republik in Bratislava): Magistrats-Protokolle als Quelle der Stadtgeschichte<\/a><\/p>\n<p><a href=\"http:\/\/de.slideshare.net\/icaruseu\/der-wullersdorfer-geschichtsverein%20\" target=\"_blank\">Johann Six (Museumsverein Wullersdorf): Der Wullersdorfer Geschichts-Verein\u00a0<\/a><\/p>\n<h6><strong><span style=\"color: #800000\">PR\u00c4SENTATIONEN IM WEB<\/span><\/strong><\/h6>\n<p><a href=\"http:\/\/www.wien.gv.at\/wirtschaft\/eu-strategie\/eu-foerderung\/etz\/projekte\/crarc.html\" target=\"_blank\">Die Stadt Wien &#8211; <\/a><a href=\"http:\/\/www.wien.gv.at\/wirtschaft\/eu-strategie\/eu-foerderung\/etz\/projekte\/crarc.html\" target=\"_blank\">EU Sponsoring \/ ETZ Projekte<\/a><\/p>\n<p><a href=\"http:\/\/icar-us.eu\/?page_id=916\" target=\"_blank\">ICARUS &#8211; Der Leadpartner pr\u00e4sentiert das ETZ Projekt CrArc<\/a><\/p>\n<p><a href=\"http:\/\/www.sk-at.eu\/sk-at\/en\/3-4_list_of.php\" target=\"_blank\">Creating the future &#8211;\u00a0<\/a><a href=\"http:\/\/www.sk-at.eu\/sk-at\/en\/3-4_list_of.php\" target=\"_blank\"> Liste aller ETZ Projekte<\/a><\/p>\n<h6><\/h6>\n<h6><\/h6>\n<p><\/p>","protected":false},"excerpt":{"rendered":"<p>Hier finden Sie zahlreiche Infomaterialien zum Download&#8230; Folder Cross Border Archives KONGRESSE &amp; WORKSHOPS 5. Juni 2012: &#8222;Modern face of archival science &#8211; Archival documents online&#8220; &#8211; Universit\u00e4tsbibliothek Bratislava (SK) The Austrian State Archives &#8211; Partner of the Interreg project CrArc The State Archives in Bratislava and the project CrArc Austrian registers on their way [&hellip;]<\/p>\n","protected":false},"author":2,"featured_media":0,"parent":399,"menu_order":3,"comment_status":"closed","ping_status":"closed","template":"","meta":{"footnotes":""},"_links":{"self":[{"href":"https:\/\/www.crossborderarchives.eu\/de\/wp-json\/wp\/v2\/pages\/810"}],"collection":[{"href":"https:\/\/www.crossborderarchives.eu\/de\/wp-json\/wp\/v2\/pages"}],"about":[{"href":"https:\/\/www.crossborderarchives.eu\/de\/wp-json\/wp\/v2\/types\/page"}],"author":[{"embeddable":true,"href":"https:\/\/www.crossborderarchives.eu\/de\/wp-json\/wp\/v2\/users\/2"}],"replies":[{"embeddable":true,"href":"https:\/\/www.crossborderarchives.eu\/de\/wp-json\/wp\/v2\/comments?post=810"}],"version-history":[{"count":272,"href":"https:\/\/www.crossborderarchives.eu\/de\/wp-json\/wp\/v2\/pages\/810\/revisions"}],"predecessor-version":[{"id":814,"href":"https:\/\/www.crossborderarchives.eu\/de\/wp-json\/wp\/v2\/pages\/810\/revisions\/814"}],"up":[{"embeddable":true,"href":"https:\/\/www.crossborderarchives.eu\/de\/wp-json\/wp\/v2\/pages\/399"}],"wp:attachment":[{"href":"https:\/\/www.crossborderarchives.eu\/de\/wp-json\/wp\/v2\/media?parent=810"}],"curies":[{"name":"wp","href":"https:\/\/api.w.org\/{rel}","templated":true}]}}