{"id":435,"date":"2012-05-08T11:28:34","date_gmt":"2012-05-08T09:28:34","guid":{"rendered":"https:\/\/www.crossborderarchives.eu\/?page_id=435"},"modified":"2015-01-07T13:22:36","modified_gmt":"2015-01-07T12:22:36","slug":"workshops","status":"publish","type":"page","link":"https:\/\/www.crossborderarchives.eu\/de\/our-cultural-exchange-programmes\/workshops\/","title":{"rendered":"Workshops"},"content":{"rendered":"<p><\/p>\n<p><p style=\"padding-left: 30px;text-align: justify\"><span style=\"color: #000000\"><strong><a href=\"https:\/\/www.crossborderarchives.eu\/files\/2012\/05\/Workshop_dt-Kopie.png\"><img loading=\"lazy\" decoding=\"async\" class=\"aligncenter size-full wp-image-2640\" src=\"https:\/\/www.crossborderarchives.eu\/files\/2012\/05\/Workshop_dt-Kopie.png\" alt=\"Workshop_dt - Kopie\" width=\"650\" height=\"189\" srcset=\"https:\/\/www.crossborderarchives.eu\/wp-content\/uploads\/2012\/05\/Workshop_dt-Kopie.png 650w, https:\/\/www.crossborderarchives.eu\/wp-content\/uploads\/2012\/05\/Workshop_dt-Kopie-300x87.png 300w\" sizes=\"(max-width: 650px) 100vw, 650px\" \/><\/a><\/strong><\/span><\/p>\n<p style=\"padding-left: 30px;text-align: justify\"><strong>Im Zuge des Projektes \u201eGed\u00e4chtnis ohne Grenzen\u201c wurden bis Projektende im Juni 2014 insgesamt 4 Workshops f\u00fcr interessierte Gruppen in Wien und Bratislava kostenlos angeboten.<\/strong><\/p>\n<p style=\"padding-left: 30px;text-align: justify\">Die Workshops f\u00fcr Fachpublikum aus dem Bereich des Archivwesens und die interessierte \u00d6ffentlichkeit boten die M\u00f6glichkeit alle Hintergrundinformationen zu den neuesten Ergebnissen und Arbeitsmethoden des Projekts kennenzulernen und fanden abwechselnd in der Slowakei und \u00d6sterreich statt:<\/p>\n<p style=\"padding-left: 30px;text-align: justify\"><strong><span style=\"color: #000000\">Modern face of archival science \u2013 Archival documents online (5. Juni 2012 Universit\u00e4tsbibliothek in Bratislava)<\/span><\/strong><\/p>\n<p style=\"padding-left: 30px\"><a href=\"https:\/\/www.crossborderarchives.eu\/de\/our-cultural-exchange-programmes\/links-and-downloads\/\" target=\"_blank\">Informationen zum Workshop &amp; Downloads der Pr\u00e4sentationen\u00a0 &gt;&gt;&gt;<\/a><\/p>\n<p style=\"padding-left: 30px\"><strong>\u00d6sterreichs Archive in Europa (17. &amp; 18. Oktober 2012\u00a0 im \u00d6sterreichisches Staatsarchiv)<\/strong><\/p>\n<p style=\"padding-left: 30px\"><a href=\"https:\/\/www.crossborderarchives.eu\/de\/our-cultural-exchange-programmes\/links-and-downloads\/\" target=\"_blank\">Informationen zum Workshop &amp; Downloads der Pr\u00e4sentationen\u00a0 &gt;&gt;&gt;<\/a><\/p>\n<p style=\"padding-left: 30px\"><strong><span style=\"color: #000000\">Die M\u00fcndung zweier Fl\u00fcsse. Leben an der \u00f6sterreichisch-slowakischen Grenze (19. &amp; 20. M\u00e4rz 2013 Schloss von Bratislava):<\/span><\/strong><\/p>\n<p style=\"padding-left: 30px\"><a href=\"https:\/\/www.crossborderarchives.eu\/de\/our-cultural-exchange-programmes\/links-and-downloads\/\" target=\"_blank\">Informationen zum Workshop &amp; Downloads der Pr\u00e4sentationen\u00a0 &gt;&gt;&gt;<\/a><\/p>\n<p style=\"padding-left: 30px\"><strong><span style=\"color: #000000\">Cross Border Archives (7. November 2013 Nieder\u00f6sterreichische Landesbibliothek\/N\u00d6 Landesarchiv):<\/span><\/strong><\/p>\n<p style=\"padding-left: 30px\"><a href=\"https:\/\/www.crossborderarchives.eu\/de\/our-cultural-exchange-programmes\/links-and-downloads\/\" target=\"_blank\">Informationen zum Workshop &amp; Downloads der Pr\u00e4sentationen\u00a0 &gt;&gt;&gt;<\/a><\/p>\n<p style=\"padding-left: 30px;text-align: justify\"><span style=\"color: #000000\">Weitere grenz\u00fcberschreitende Workshops sind auch nach Projektende geplant. F\u00fcr genauere Informationen zu zuk\u00fcnftigen Veranstaltungen verweisen wir auf unseren <a href=\"https:\/\/www.crossborderarchives.eu\/de\/upcoming-events\/\" target=\"_blank\">Veranstaltungskalender &gt;&gt;&gt;&gt;<\/a><\/span><\/p>\n<\/p>\n<p><\/p>","protected":false},"excerpt":{"rendered":"<p>Im Zuge des Projektes \u201eGed\u00e4chtnis ohne Grenzen\u201c wurden bis Projektende im Juni 2014 insgesamt 4 Workshops f\u00fcr interessierte Gruppen in Wien und Bratislava kostenlos angeboten. Die Workshops f\u00fcr Fachpublikum aus dem Bereich des Archivwesens und die interessierte \u00d6ffentlichkeit boten die M\u00f6glichkeit alle Hintergrundinformationen zu den neuesten Ergebnissen und Arbeitsmethoden des Projekts kennenzulernen und fanden abwechselnd [&hellip;]<\/p>\n","protected":false},"author":2,"featured_media":0,"parent":399,"menu_order":1,"comment_status":"closed","ping_status":"closed","template":"","meta":{"footnotes":""},"_links":{"self":[{"href":"https:\/\/www.crossborderarchives.eu\/de\/wp-json\/wp\/v2\/pages\/435"}],"collection":[{"href":"https:\/\/www.crossborderarchives.eu\/de\/wp-json\/wp\/v2\/pages"}],"about":[{"href":"https:\/\/www.crossborderarchives.eu\/de\/wp-json\/wp\/v2\/types\/page"}],"author":[{"embeddable":true,"href":"https:\/\/www.crossborderarchives.eu\/de\/wp-json\/wp\/v2\/users\/2"}],"replies":[{"embeddable":true,"href":"https:\/\/www.crossborderarchives.eu\/de\/wp-json\/wp\/v2\/comments?post=435"}],"version-history":[{"count":146,"href":"https:\/\/www.crossborderarchives.eu\/de\/wp-json\/wp\/v2\/pages\/435\/revisions"}],"predecessor-version":[{"id":667,"href":"https:\/\/www.crossborderarchives.eu\/de\/wp-json\/wp\/v2\/pages\/435\/revisions\/667"}],"up":[{"embeddable":true,"href":"https:\/\/www.crossborderarchives.eu\/de\/wp-json\/wp\/v2\/pages\/399"}],"wp:attachment":[{"href":"https:\/\/www.crossborderarchives.eu\/de\/wp-json\/wp\/v2\/media?parent=435"}],"curies":[{"name":"wp","href":"https:\/\/api.w.org\/{rel}","templated":true}]}}