{"id":403,"date":"2012-05-04T11:53:01","date_gmt":"2012-05-04T09:53:01","guid":{"rendered":"https:\/\/www.crossborderarchives.eu\/?page_id=403"},"modified":"2015-01-09T10:20:46","modified_gmt":"2015-01-09T09:20:46","slug":"guided-tours-in-the-archives-of-both-countries","status":"publish","type":"page","link":"https:\/\/www.crossborderarchives.eu\/de\/our-cultural-exchange-programmes\/guided-tours-in-the-archives-of-both-countries\/","title":{"rendered":"Archivf\u00fchrungen"},"content":{"rendered":"<p><\/p>\n<p><p>&nbsp;<\/p>\n<p style=\"text-align: justify;padding-left: 30px\"><span style=\"color: #000000\"><strong><a href=\"https:\/\/www.crossborderarchives.eu\/files\/2012\/05\/InnenansichtOESTA2_ZI1M2060_geschnitten-Kopie.png\"><img loading=\"lazy\" decoding=\"async\" class=\"aligncenter size-full wp-image-2648\" src=\"https:\/\/www.crossborderarchives.eu\/files\/2012\/05\/InnenansichtOESTA2_ZI1M2060_geschnitten-Kopie.png\" alt=\"InnenansichtOESTA2_ZI1M2060_geschnitten - Kopie\" width=\"684\" height=\"179\" srcset=\"https:\/\/www.crossborderarchives.eu\/wp-content\/uploads\/2012\/05\/InnenansichtOESTA2_ZI1M2060_geschnitten-Kopie.png 684w, https:\/\/www.crossborderarchives.eu\/wp-content\/uploads\/2012\/05\/InnenansichtOESTA2_ZI1M2060_geschnitten-Kopie-300x78.png 300w\" sizes=\"(max-width: 684px) 100vw, 684px\" \/><\/a>Im Zuge des Projektes \u201eGed\u00e4chtnis ohne Grenzen\u201c wurden bis Projektende im Juni 2014 zahlreiche Exkursionen in Archive der \u00d6sterreichisch-Slowakischen Grenzregion durchgef\u00fchrt.<\/strong> <\/span><\/p>\n<p style=\"text-align: justify;padding-left: 30px\"><span style=\"color: #000000\">Hierbei konnten kostenlose Transfers und F\u00fchrungen f\u00fcr zahlreiche Gruppen zur Verf\u00fcgung gestellt werden. Unter anderem f\u00fchrten die Exkursionen in das<\/span><\/p>\n<p style=\"padding-left: 30px\"><a href=\"https:\/\/www.crossborderarchives.eu\/files\/2012\/05\/image001.png\"><img loading=\"lazy\" decoding=\"async\" class=\"alignleft wp-image-2851 size-medium\" src=\"https:\/\/www.crossborderarchives.eu\/files\/2012\/05\/image001-300x210.png\" alt=\"image001\" width=\"300\" height=\"210\" srcset=\"https:\/\/www.crossborderarchives.eu\/wp-content\/uploads\/2012\/05\/image001-300x210.png 300w, https:\/\/www.crossborderarchives.eu\/wp-content\/uploads\/2012\/05\/image001-1024x717.png 1024w, https:\/\/www.crossborderarchives.eu\/wp-content\/uploads\/2012\/05\/image001.png 1134w\" sizes=\"(max-width: 300px) 100vw, 300px\" \/><\/a>Archiv der Hauptstadt Bratislava<\/p>\n<p>Slowakische Staatsarchiv<\/p>\n<p>Slowakische Nationalarchiv<\/p>\n<p>\u00d6sterreichische Staatsarchiv<\/p>\n<p>Nieder\u00f6sterreichische Landesarchiv<\/p>\n<p>Wiener Stadt- und Landesarchiv<\/p>\n<p>&nbsp;<\/p>\n<p style=\"padding-left: 30px\">Auf Grund der gro\u00dfen Nachfrage sind weitere F\u00fchrungen in den Archiven der Grenzregion \u00d6sterreich-Slowakei in Planung. F\u00fcr genauere Informationen zu zuk\u00fcnftigen Veranstaltungen verweisen wir auf unseren <a href=\"https:\/\/www.crossborderarchives.eu\/de\/upcoming-events\/\" target=\"_blank\">Veranstaltungskalender &gt;&gt;&gt;&gt;<\/a><\/p>\n<\/p>\n<p><\/p>","protected":false},"excerpt":{"rendered":"<p>&nbsp; Im Zuge des Projektes \u201eGed\u00e4chtnis ohne Grenzen\u201c wurden bis Projektende im Juni 2014 zahlreiche Exkursionen in Archive der \u00d6sterreichisch-Slowakischen Grenzregion durchgef\u00fchrt. Hierbei konnten kostenlose Transfers und F\u00fchrungen f\u00fcr zahlreiche Gruppen zur Verf\u00fcgung gestellt werden. Unter anderem f\u00fchrten die Exkursionen in das Archiv der Hauptstadt Bratislava Slowakische Staatsarchiv Slowakische Nationalarchiv \u00d6sterreichische Staatsarchiv Nieder\u00f6sterreichische Landesarchiv Wiener [&hellip;]<\/p>\n","protected":false},"author":2,"featured_media":0,"parent":399,"menu_order":4,"comment_status":"closed","ping_status":"closed","template":"","meta":{"footnotes":""},"_links":{"self":[{"href":"https:\/\/www.crossborderarchives.eu\/de\/wp-json\/wp\/v2\/pages\/403"}],"collection":[{"href":"https:\/\/www.crossborderarchives.eu\/de\/wp-json\/wp\/v2\/pages"}],"about":[{"href":"https:\/\/www.crossborderarchives.eu\/de\/wp-json\/wp\/v2\/types\/page"}],"author":[{"embeddable":true,"href":"https:\/\/www.crossborderarchives.eu\/de\/wp-json\/wp\/v2\/users\/2"}],"replies":[{"embeddable":true,"href":"https:\/\/www.crossborderarchives.eu\/de\/wp-json\/wp\/v2\/comments?post=403"}],"version-history":[{"count":55,"href":"https:\/\/www.crossborderarchives.eu\/de\/wp-json\/wp\/v2\/pages\/403\/revisions"}],"predecessor-version":[{"id":406,"href":"https:\/\/www.crossborderarchives.eu\/de\/wp-json\/wp\/v2\/pages\/403\/revisions\/406"}],"up":[{"embeddable":true,"href":"https:\/\/www.crossborderarchives.eu\/de\/wp-json\/wp\/v2\/pages\/399"}],"wp:attachment":[{"href":"https:\/\/www.crossborderarchives.eu\/de\/wp-json\/wp\/v2\/media?parent=403"}],"curies":[{"name":"wp","href":"https:\/\/api.w.org\/{rel}","templated":true}]}}