{"id":258,"date":"2012-04-26T11:48:36","date_gmt":"2012-04-26T09:48:36","guid":{"rendered":"https:\/\/www.crossborderarchives.eu\/?page_id=258"},"modified":"2013-09-04T09:50:27","modified_gmt":"2013-09-04T07:50:27","slug":"project-partners-2","status":"publish","type":"page","link":"https:\/\/www.crossborderarchives.eu\/de\/our-goals\/project-partners-2\/","title":{"rendered":"Projektpartner"},"content":{"rendered":"<p><\/p>\n<p style=\"text-align: justify\"><span style=\"color: #000000\">Das Projekt hat eine Laufzeit von 2,5 Jahren (Februar 2012 &#8211; Juni 2014) und wird durch 4 Partner realisiert (Leadpartner &amp; Projektkoordinator Verein ICARUS):<\/span><\/p>\n<p style=\"text-align: justify\"><span style=\"color: #000000\"><a href=\"https:\/\/www.crossborderarchives.eu\/files\/2012\/04\/Logos-Partner-2.jpg\"><img loading=\"lazy\" decoding=\"async\" class=\"alignleft  wp-image-981\" alt=\"Logos Partner 2\" src=\"https:\/\/www.crossborderarchives.eu\/files\/2012\/04\/Logos-Partner-2.jpg\" width=\"171\" height=\"194\" srcset=\"https:\/\/www.crossborderarchives.eu\/wp-content\/uploads\/2012\/04\/Logos-Partner-2.jpg 635w, https:\/\/www.crossborderarchives.eu\/wp-content\/uploads\/2012\/04\/Logos-Partner-2-264x300.jpg 264w\" sizes=\"(max-width: 171px) 100vw, 171px\" \/><\/a><\/span><\/p>\n<p style=\"text-align: justify\"><span style=\"color: #2083de\"><strong><a href=\"https:\/\/www.crossborderarchives.eu\/our-goals\/project-partners-2\/the-ministry-of-interior-of-the-slovak-republic\/?lang=de\" target=\"_blank\"><span style=\"color: #2083de\">Das Innenministerium der Slowakischen Republik, Department f\u00fcr Archivwesen &gt;&gt;&gt;<\/span><\/a><\/strong><\/span><\/p>\n<p style=\"text-align: justify\"><span style=\"color: #2083de\"><strong><a href=\"https:\/\/www.crossborderarchives.eu\/our-goals\/project-partners-2\/the-austrian-state-archives\/?lang=de\" target=\"_blank\"><span style=\"color: #2083de\">Das \u00d6sterreichische Staatsarchiv &gt;&gt;&gt;<\/span><\/a><\/strong><\/span><\/p>\n<p style=\"text-align: justify\"><span style=\"color: #2083de\"><strong><a href=\"https:\/\/www.crossborderarchives.eu\/our-goals\/project-partners-2\/network-history-of-lower-austria-2\/?lang=de\" target=\"_blank\"><span style=\"color: #2083de\">Netzwerk Geschichte N\u00d6 in Kooperation mit dem N\u00d6 Landesarchiv &gt;&gt;&gt;<\/span><\/a><\/strong><\/span><\/p>\n<p style=\"text-align: justify\"><span style=\"color: #2083de\"><strong><a href=\"https:\/\/www.crossborderarchives.eu\/our-goals\/project-partners-2\/icarus-international-centre-for-archival-research\/?lang=de\" target=\"_blank\"><span style=\"color: #2083de\">ICARUS &#8211; International Centre for Archival Research &gt;&gt;&gt;<\/span><\/a><\/strong><\/span><\/p>\n<p><\/p>","protected":false},"excerpt":{"rendered":"<p>Das Projekt hat eine Laufzeit von 2,5 Jahren (Februar 2012 &#8211; Juni 2014) und wird durch 4 Partner realisiert (Leadpartner &amp; Projektkoordinator Verein ICARUS): Das Innenministerium der Slowakischen Republik, Department f\u00fcr Archivwesen &gt;&gt;&gt; Das \u00d6sterreichische Staatsarchiv &gt;&gt;&gt; Netzwerk Geschichte N\u00d6 in Kooperation mit dem N\u00d6 Landesarchiv &gt;&gt;&gt; ICARUS &#8211; International Centre for Archival Research &gt;&gt;&gt;<\/p>\n","protected":false},"author":2,"featured_media":0,"parent":206,"menu_order":6,"comment_status":"closed","ping_status":"closed","template":"","meta":{"footnotes":""},"_links":{"self":[{"href":"https:\/\/www.crossborderarchives.eu\/de\/wp-json\/wp\/v2\/pages\/258"}],"collection":[{"href":"https:\/\/www.crossborderarchives.eu\/de\/wp-json\/wp\/v2\/pages"}],"about":[{"href":"https:\/\/www.crossborderarchives.eu\/de\/wp-json\/wp\/v2\/types\/page"}],"author":[{"embeddable":true,"href":"https:\/\/www.crossborderarchives.eu\/de\/wp-json\/wp\/v2\/users\/2"}],"replies":[{"embeddable":true,"href":"https:\/\/www.crossborderarchives.eu\/de\/wp-json\/wp\/v2\/comments?post=258"}],"version-history":[{"count":129,"href":"https:\/\/www.crossborderarchives.eu\/de\/wp-json\/wp\/v2\/pages\/258\/revisions"}],"predecessor-version":[{"id":687,"href":"https:\/\/www.crossborderarchives.eu\/de\/wp-json\/wp\/v2\/pages\/258\/revisions\/687"}],"up":[{"embeddable":true,"href":"https:\/\/www.crossborderarchives.eu\/de\/wp-json\/wp\/v2\/pages\/206"}],"wp:attachment":[{"href":"https:\/\/www.crossborderarchives.eu\/de\/wp-json\/wp\/v2\/media?parent=258"}],"curies":[{"name":"wp","href":"https:\/\/api.w.org\/{rel}","templated":true}]}}