{"id":238,"date":"2012-04-26T11:20:43","date_gmt":"2012-04-26T09:20:43","guid":{"rendered":"https:\/\/www.crossborderarchives.eu\/?page_id=238"},"modified":"2013-09-13T09:40:51","modified_gmt":"2013-09-13T07:40:51","slug":"icarus-international-centre-for-archival-research","status":"publish","type":"page","link":"https:\/\/www.crossborderarchives.eu\/de\/our-goals\/project-partners-2\/icarus-international-centre-for-archival-research\/","title":{"rendered":"ICARUS"},"content":{"rendered":"<p><\/p>\n<h6 style=\"text-align: justify;padding-left: 30px\"><a href=\"https:\/\/www.crossborderarchives.eu\/files\/2012\/04\/Europa_blaugrau_big.png\"><img loading=\"lazy\" decoding=\"async\" class=\"aligncenter size-full wp-image-2409\" alt=\"Europa_blaugrau_big\" src=\"https:\/\/www.crossborderarchives.eu\/files\/2012\/04\/Europa_blaugrau_big.png\" width=\"646\" height=\"202\" srcset=\"https:\/\/www.crossborderarchives.eu\/wp-content\/uploads\/2012\/04\/Europa_blaugrau_big.png 646w, https:\/\/www.crossborderarchives.eu\/wp-content\/uploads\/2012\/04\/Europa_blaugrau_big-300x93.png 300w\" sizes=\"(max-width: 646px) 100vw, 646px\" \/><\/a><\/h6>\n<h6 style=\"text-align: justify;padding-left: 30px\"><span style=\"color: #800000\"><strong>ICARUS &#8211; INTERNATIONAL CENTRE FOR ARCHIVAL RESEARCH IST EINE GEMEINSCHAFT VON MITTLERWEILE 126 ARCHIVEN AUS 26 EUROP\u00c4ISCHEN L\u00c4NDERN UND KANADA, DIE SICH GEMEINSAM DEN HERAUSFORDERUNGEN DER DIGITALEN \u00c4RA STELLEN.<\/strong><\/span><\/h6>\n<p style=\"text-align: justify;padding-left: 30px\"><span style=\"color: #000000\">Der Verein stellt sich den aktuellen Anforderungen an die Archivwelt durch \u00c4nderungen gesellschaftlicher, wirtschaftlicher und technologischer Rahmenbedingungen. In diesem Sinne tritt ICARUS als Koordinator der inter- und transnationalen Zusammenarbeit zwischen Ged\u00e4chtnisinstitutionen wie Archiven, Bibliotheken und Museen auf.<\/span><\/p>\n<p style=\"text-align: justify;padding-left: 30px\"><span style=\"color: #000000\">Um diese Herausforderungen bew\u00e4ltigen zu k\u00f6nnen ist es elementar nicht nur eine gemeinsame elektronische Infrastruktur zu schaffen, sondern auch l\u00e4nder\u00fcbergreifende Standards und Strategien zu entwickeln. Gemeinschaftlich und mit der Hilfe internationaler Kooperationen werden Expertisen, Erfahrungen und Know-How geteilt und eine kollektive Plattform zur wechselseitigen Unterst\u00fctzung in Fachfragen und im Projektmanagement geschaffen.<\/span><\/p>\n<p style=\"text-align: justify;padding-left: 30px\"><a href=\"https:\/\/www.crossborderarchives.eu\/files\/2012\/04\/icarus-logo-2.jpg\"><img loading=\"lazy\" decoding=\"async\" class=\"alignright  wp-image-1073\" alt=\"\" src=\"https:\/\/www.crossborderarchives.eu\/files\/2012\/04\/icarus-logo-2.jpg\" width=\"177\" height=\"88\" \/><\/a><span style=\"color: #000000\">ICARUS bietet seinen Partnern bei Projekten und transnationalen Kooperationen\u00a0 ein weites Spektrum von Ressourcen in administrativen, finanziellen und kulturellen Bereichen an. Durch seine Unterst\u00fctzung k\u00f6nnen die Partner frei von administrativem Aufwand den Fokus ganz auf ihre professionellen archivalischen Aufgaben legen.<\/span><\/p>\n<p style=\"text-align: justify;padding-left: 30px\"><span style=\"color: #000000\">Weitere Informationen finden Sie unter <span style=\"text-decoration: underline\"><a href=\"http:\/\/www.icar-us.eu\" target=\"_blank\"><span style=\"color: #000000;text-decoration: underline\">www.icar-us.eu<\/span><\/a><\/span><\/span><\/p>\n<p><\/p>","protected":false},"excerpt":{"rendered":"<p>ICARUS &#8211; INTERNATIONAL CENTRE FOR ARCHIVAL RESEARCH IST EINE GEMEINSCHAFT VON MITTLERWEILE 126 ARCHIVEN AUS 26 EUROP\u00c4ISCHEN L\u00c4NDERN UND KANADA, DIE SICH GEMEINSAM DEN HERAUSFORDERUNGEN DER DIGITALEN \u00c4RA STELLEN. Der Verein stellt sich den aktuellen Anforderungen an die Archivwelt durch \u00c4nderungen gesellschaftlicher, wirtschaftlicher und technologischer Rahmenbedingungen. In diesem Sinne tritt ICARUS als Koordinator der inter- [&hellip;]<\/p>\n","protected":false},"author":2,"featured_media":0,"parent":258,"menu_order":4,"comment_status":"closed","ping_status":"closed","template":"","meta":{"footnotes":""},"_links":{"self":[{"href":"https:\/\/www.crossborderarchives.eu\/de\/wp-json\/wp\/v2\/pages\/238"}],"collection":[{"href":"https:\/\/www.crossborderarchives.eu\/de\/wp-json\/wp\/v2\/pages"}],"about":[{"href":"https:\/\/www.crossborderarchives.eu\/de\/wp-json\/wp\/v2\/types\/page"}],"author":[{"embeddable":true,"href":"https:\/\/www.crossborderarchives.eu\/de\/wp-json\/wp\/v2\/users\/2"}],"replies":[{"embeddable":true,"href":"https:\/\/www.crossborderarchives.eu\/de\/wp-json\/wp\/v2\/comments?post=238"}],"version-history":[{"count":56,"href":"https:\/\/www.crossborderarchives.eu\/de\/wp-json\/wp\/v2\/pages\/238\/revisions"}],"predecessor-version":[{"id":241,"href":"https:\/\/www.crossborderarchives.eu\/de\/wp-json\/wp\/v2\/pages\/238\/revisions\/241"}],"up":[{"embeddable":true,"href":"https:\/\/www.crossborderarchives.eu\/de\/wp-json\/wp\/v2\/pages\/258"}],"wp:attachment":[{"href":"https:\/\/www.crossborderarchives.eu\/de\/wp-json\/wp\/v2\/media?parent=238"}],"curies":[{"name":"wp","href":"https:\/\/api.w.org\/{rel}","templated":true}]}}