{"id":234,"date":"2012-04-26T11:15:25","date_gmt":"2012-04-26T09:15:25","guid":{"rendered":"https:\/\/www.crossborderarchives.eu\/?page_id=234"},"modified":"2013-04-26T08:39:52","modified_gmt":"2013-04-26T06:39:52","slug":"network-history-of-lower-austria-2","status":"publish","type":"page","link":"https:\/\/www.crossborderarchives.eu\/de\/our-goals\/project-partners-2\/network-history-of-lower-austria-2\/","title":{"rendered":"Netzwerk Geschichte Nieder\u00f6sterreich"},"content":{"rendered":"<p><\/p>\n<h6 style=\"text-align: justify;padding-left: 60px\"><span style=\"color: #800000\"><strong><span style=\"color: #000000\"><a href=\"https:\/\/www.crossborderarchives.eu\/files\/2012\/04\/N\u00d6LA_Haus.jpg\"><img loading=\"lazy\" decoding=\"async\" class=\"aligncenter size-full wp-image-2383\" alt=\"N\u00d6LA_Haus\" src=\"https:\/\/www.crossborderarchives.eu\/files\/2012\/04\/N\u00d6LA_Haus.jpg\" width=\"621\" height=\"263\" srcset=\"https:\/\/www.crossborderarchives.eu\/wp-content\/uploads\/2012\/04\/N\u00d6LA_Haus.jpg 621w, https:\/\/www.crossborderarchives.eu\/wp-content\/uploads\/2012\/04\/N\u00d6LA_Haus-300x127.jpg 300w\" sizes=\"(max-width: 621px) 100vw, 621px\" \/><\/a><\/span><\/strong><\/span><\/h6>\n<h6 style=\"text-align: justify;padding-left: 60px\"><\/h6>\n<h6 style=\"text-align: justify;padding-left: 60px\"><span style=\"color: #800000\"><strong><span style=\"color: #000000\">IST EIN VEREIN MIT SITZ IM NIEDER\u00d6STERREICHISCHEN LANDESARCHIV.<\/span><\/strong><\/span><\/h6>\n<p style=\"text-align: justify;padding-left: 60px\"><span style=\"color: #000000\">Der Verein unterst\u00fctzt und f\u00fchrt Projekte im Bereich des nieder\u00f6sterreichischen Archivwesens in vielf\u00e4ltiger Weise durch.<\/span><\/p>\n<p style=\"text-align: justify;padding-left: 60px\"><span style=\"color: #000000\">Dazu geh\u00f6ren v.a. Aktivit\u00e4ten auf dem Gebiet der:<\/span><\/p>\n<ul style=\"text-align: justify;padding-left: 30px\">\n<li style=\"padding-left: 30px\"><span style=\"color: #000000\">Erschlie\u00dfung<a href=\"https:\/\/www.crossborderarchives.eu\/files\/2012\/04\/LOGO_N\u00d6LA_Final1.jpg\"><img loading=\"lazy\" decoding=\"async\" class=\"alignright  wp-image-1066\" alt=\"\" src=\"https:\/\/www.crossborderarchives.eu\/files\/2012\/04\/LOGO_N\u00d6LA_Final1-191x300.jpg\" width=\"86\" height=\"132\" \/><\/a><\/span><\/li>\n<\/ul>\n<ul style=\"text-align: justify;padding-left: 30px\">\n<li style=\"padding-left: 30px\"><span style=\"color: #000000\">Katalogisierung und<\/span><\/li>\n<\/ul>\n<ul style=\"text-align: justify;padding-left: 30px\">\n<li style=\"padding-left: 30px\"><span style=\"color: #000000\">Digitalisierung von Dokumenten aus weltlichen und geistlichen Archiven<\/span><\/li>\n<\/ul>\n<p style=\"text-align: justify;padding-left: 60px\"><span style=\"color: #000000\">Durch die enge Anbindung an das Nieder\u00f6sterreichische Landesarchiv profitiert es von dessen fachlicher Expertise und Infrastruktur. Das Nieder\u00f6sterreichische Landesarchiv ist zus\u00e4tzlich Verwahrer wertvoller historischer Quellen des \u00f6sterreichisch &#8211; slowakischen Grenzgebietes.<\/span><\/p>\n<p style=\"text-align: justify;padding-left: 60px\"><span style=\"color: #000000\">Zur <span style=\"text-decoration: underline\"><a href=\"http:\/\/www.noe.gv.at\/Bildung\/Landesarchiv-.wai.html\" target=\"_blank\"><span style=\"color: #000000;text-decoration: underline\">Website des N\u00d6 Landesarchivs<\/span><\/a>.<\/span><\/span><\/p>\n<p><\/p>","protected":false},"excerpt":{"rendered":"<p>IST EIN VEREIN MIT SITZ IM NIEDER\u00d6STERREICHISCHEN LANDESARCHIV. Der Verein unterst\u00fctzt und f\u00fchrt Projekte im Bereich des nieder\u00f6sterreichischen Archivwesens in vielf\u00e4ltiger Weise durch. Dazu geh\u00f6ren v.a. Aktivit\u00e4ten auf dem Gebiet der: Erschlie\u00dfung Katalogisierung und Digitalisierung von Dokumenten aus weltlichen und geistlichen Archiven Durch die enge Anbindung an das Nieder\u00f6sterreichische Landesarchiv profitiert es von dessen fachlicher [&hellip;]<\/p>\n","protected":false},"author":2,"featured_media":0,"parent":258,"menu_order":3,"comment_status":"closed","ping_status":"closed","template":"","meta":{"footnotes":""},"_links":{"self":[{"href":"https:\/\/www.crossborderarchives.eu\/de\/wp-json\/wp\/v2\/pages\/234"}],"collection":[{"href":"https:\/\/www.crossborderarchives.eu\/de\/wp-json\/wp\/v2\/pages"}],"about":[{"href":"https:\/\/www.crossborderarchives.eu\/de\/wp-json\/wp\/v2\/types\/page"}],"author":[{"embeddable":true,"href":"https:\/\/www.crossborderarchives.eu\/de\/wp-json\/wp\/v2\/users\/2"}],"replies":[{"embeddable":true,"href":"https:\/\/www.crossborderarchives.eu\/de\/wp-json\/wp\/v2\/comments?post=234"}],"version-history":[{"count":63,"href":"https:\/\/www.crossborderarchives.eu\/de\/wp-json\/wp\/v2\/pages\/234\/revisions"}],"predecessor-version":[{"id":349,"href":"https:\/\/www.crossborderarchives.eu\/de\/wp-json\/wp\/v2\/pages\/234\/revisions\/349"}],"up":[{"embeddable":true,"href":"https:\/\/www.crossborderarchives.eu\/de\/wp-json\/wp\/v2\/pages\/258"}],"wp:attachment":[{"href":"https:\/\/www.crossborderarchives.eu\/de\/wp-json\/wp\/v2\/media?parent=234"}],"curies":[{"name":"wp","href":"https:\/\/api.w.org\/{rel}","templated":true}]}}