{"id":229,"date":"2012-04-26T11:09:22","date_gmt":"2012-04-26T09:09:22","guid":{"rendered":"https:\/\/www.crossborderarchives.eu\/?page_id=229"},"modified":"2013-04-26T10:57:45","modified_gmt":"2013-04-26T08:57:45","slug":"the-austrian-state-archives","status":"publish","type":"page","link":"https:\/\/www.crossborderarchives.eu\/de\/our-goals\/project-partners-2\/the-austrian-state-archives\/","title":{"rendered":"Das \u00d6sterreichische Staatsarchiv"},"content":{"rendered":"<p><\/p>\n<h6 style=\"text-align: justify;padding-left: 60px\"><a href=\"https:\/\/www.crossborderarchives.eu\/files\/2012\/04\/Au\u00dfenansichtOESTA3_ZI1M2049_p.png\"><img loading=\"lazy\" decoding=\"async\" class=\"aligncenter size-full wp-image-2403\" alt=\"Au\u00dfenansichtOESTA3_ZI1M2049_p\" src=\"https:\/\/www.crossborderarchives.eu\/files\/2012\/04\/Au\u00dfenansichtOESTA3_ZI1M2049_p.png\" width=\"780\" height=\"235\" srcset=\"https:\/\/www.crossborderarchives.eu\/wp-content\/uploads\/2012\/04\/Au\u00dfenansichtOESTA3_ZI1M2049_p.png 780w, https:\/\/www.crossborderarchives.eu\/wp-content\/uploads\/2012\/04\/Au\u00dfenansichtOESTA3_ZI1M2049_p-300x90.png 300w\" sizes=\"(max-width: 780px) 100vw, 780px\" \/><\/a><\/h6>\n<h6 style=\"text-align: justify;padding-left: 60px\"><\/h6>\n<h6 style=\"text-align: justify;padding-left: 60px\"><span style=\"color: #000000\"><strong>DAS \u00d6STERREICHISCHE STAATSARCHIV <\/strong><strong>WURDE 1945 GEGR\u00dcNDET UND Z\u00c4HLT ZU DEN WELTWEIT BEDEUTENDSTEN ARCHIVEN.<\/strong><\/span><\/h6>\n<p style=\"text-align: justify;padding-left: 60px\"><span style=\"color: #000000\">Es ist als nachgeordnete Dienststelle des Bundeskanzleramtes verantwortlich als:\u00a0<\/span><\/p>\n<ul style=\"text-align: justify;padding-left: 30px\">\n<li style=\"padding-left: 30px\"><span style=\"color: #000000\">Zentralarchiv f\u00fcr die ablieferungspflichtigen Bundesdienststellen der Republik \u00d6sterreich, wie zum Beispiel die Bundesministerien.<\/span><\/li>\n<li style=\"padding-left: 30px\"><span style=\"color: #000000\">H\u00fcterin der historischen Abteilungen der archivalischen \u00dcberlieferung der Zentralbeh\u00f6rden der ehemaligen Habsburgermonarchie (1526\u20131918) und der obersten Organe des Heiligen R\u00f6mischen Reichs (bis 1806). Die babenbergisch &#8211; habsburgische Urkundensammlung reicht mit ihrem \u00e4ltesten St\u00fcck bis in das Jahr 816 zur\u00fcck.<\/span><\/li>\n<li style=\"padding-left: 30px\"><span style=\"color: #000000\">Nach den Bestimmungen des Denkmalschutzgesetzes (BGBl. Nr.170\/1999, \u00a7\u00a7 24-25a) sind dem \u00d6sterreichischen Staatsarchiv die Unterschutzstellung von Archivalien und die Erteilung von Ausfuhrgenehmigungen \u00fcbertragen. Das \u00d6sterreichische Staatsarchiv fungiert in diesem Bereich als Denkmalschutzbeh\u00f6rde.<\/span><\/li>\n<\/ul>\n<p style=\"text-align: justify;padding-left: 60px\"><span style=\"color: #000000\">Es beherbergt<\/span><\/p>\n<ul style=\"text-align: justify;padding-left: 30px\">\n<li style=\"padding-left: 30px\"><span style=\"color: #000000\"><span style=\"color: #000000\">Die Generaldirektion\u00a0<\/span><\/span><\/li>\n<li style=\"padding-left: 30px\"><span style=\"color: #000000\">Eine Restaurierungswerkst\u00e4tte<a href=\"https:\/\/www.crossborderarchives.eu\/files\/2012\/04\/OESTA_Logo1.jpg\"><img loading=\"lazy\" decoding=\"async\" class=\"alignright size-medium wp-image-1060\" alt=\"\" src=\"https:\/\/www.crossborderarchives.eu\/files\/2012\/04\/OESTA_Logo1-300x63.jpg\" width=\"300\" height=\"63\" srcset=\"https:\/\/www.crossborderarchives.eu\/wp-content\/uploads\/2012\/04\/OESTA_Logo1-300x63.jpg 300w, https:\/\/www.crossborderarchives.eu\/wp-content\/uploads\/2012\/04\/OESTA_Logo1.jpg 475w\" sizes=\"(max-width: 300px) 100vw, 300px\" \/><\/a><\/span><\/li>\n<li style=\"padding-left: 30px\"><span style=\"color: #000000\">Die Zentralbibliothek des Staatsarchivs<\/span><\/li>\n<li style=\"padding-left: 30px\"><span style=\"color: #000000\">Das Allgemeine Verwaltungsarchiv<\/span><\/li>\n<li style=\"padding-left: 30px\"><span style=\"color: #000000\">Das Archiv der Republik<\/span><\/li>\n<li style=\"padding-left: 30px\"><span style=\"color: #000000\">Das Kriegsarchiv<\/span><\/li>\n<li style=\"padding-left: 30px\"><span style=\"color: #000000\">Das Finanz- und Hofkammerarchiv<\/span><\/li>\n<\/ul>\n<p style=\"text-align: justify;padding-left: 60px\"><span style=\"color: #000000\">Die 107 Mitarbeiterinnen und Mitarbeiter betreuen etwa 183.700 Regallaufmeter Archivgut. Das \u00d6sterreichische Staatsarchiv ist durch den \u00fcbernationalen Charakter seiner Best\u00e4nde Anlaufstelle f\u00fcr Forscher aus aller Welt. Insgesamt besuchen j\u00e4hrlich an die 5.000 Ben\u00fctzer die Leses\u00e4le des Staatsarchivs.<\/span><\/p>\n<p style=\"padding-left: 60px\"><span style=\"color: #000000\">Weitere Informationen finden Sie auf der<\/span> <a href=\"http:\/\/www.oesta.gv.at\" target=\"_blank\"><span style=\"text-decoration: underline\">Website des \u00d6sterreichischen Staatsarchivs<\/span><\/a>.<\/p>\n<p><\/p>","protected":false},"excerpt":{"rendered":"<p>DAS \u00d6STERREICHISCHE STAATSARCHIV WURDE 1945 GEGR\u00dcNDET UND Z\u00c4HLT ZU DEN WELTWEIT BEDEUTENDSTEN ARCHIVEN. Es ist als nachgeordnete Dienststelle des Bundeskanzleramtes verantwortlich als:\u00a0 Zentralarchiv f\u00fcr die ablieferungspflichtigen Bundesdienststellen der Republik \u00d6sterreich, wie zum Beispiel die Bundesministerien. H\u00fcterin der historischen Abteilungen der archivalischen \u00dcberlieferung der Zentralbeh\u00f6rden der ehemaligen Habsburgermonarchie (1526\u20131918) und der obersten Organe des Heiligen R\u00f6mischen [&hellip;]<\/p>\n","protected":false},"author":2,"featured_media":0,"parent":258,"menu_order":2,"comment_status":"closed","ping_status":"closed","template":"","meta":{"footnotes":""},"_links":{"self":[{"href":"https:\/\/www.crossborderarchives.eu\/de\/wp-json\/wp\/v2\/pages\/229"}],"collection":[{"href":"https:\/\/www.crossborderarchives.eu\/de\/wp-json\/wp\/v2\/pages"}],"about":[{"href":"https:\/\/www.crossborderarchives.eu\/de\/wp-json\/wp\/v2\/types\/page"}],"author":[{"embeddable":true,"href":"https:\/\/www.crossborderarchives.eu\/de\/wp-json\/wp\/v2\/users\/2"}],"replies":[{"embeddable":true,"href":"https:\/\/www.crossborderarchives.eu\/de\/wp-json\/wp\/v2\/comments?post=229"}],"version-history":[{"count":88,"href":"https:\/\/www.crossborderarchives.eu\/de\/wp-json\/wp\/v2\/pages\/229\/revisions"}],"predecessor-version":[{"id":362,"href":"https:\/\/www.crossborderarchives.eu\/de\/wp-json\/wp\/v2\/pages\/229\/revisions\/362"}],"up":[{"embeddable":true,"href":"https:\/\/www.crossborderarchives.eu\/de\/wp-json\/wp\/v2\/pages\/258"}],"wp:attachment":[{"href":"https:\/\/www.crossborderarchives.eu\/de\/wp-json\/wp\/v2\/media?parent=229"}],"curies":[{"name":"wp","href":"https:\/\/api.w.org\/{rel}","templated":true}]}}