{"id":217,"date":"2012-04-26T11:01:51","date_gmt":"2012-04-26T09:01:51","guid":{"rendered":"https:\/\/www.crossborderarchives.eu\/?page_id=217"},"modified":"2014-04-01T10:30:23","modified_gmt":"2014-04-01T08:30:23","slug":"the-ministry-of-interior-of-the-slovak-republic","status":"publish","type":"page","link":"https:\/\/www.crossborderarchives.eu\/de\/our-goals\/project-partners-2\/the-ministry-of-interior-of-the-slovak-republic\/","title":{"rendered":"Innenministerium der Slowakischen Republik"},"content":{"rendered":"<p><\/p>\n<h4 style=\"padding-left: 30px\"><span style=\"color: #800000\"><strong><a href=\"https:\/\/www.crossborderarchives.eu\/files\/2012\/04\/Obr\u00e1zok-005_1.jpg\"><img loading=\"lazy\" decoding=\"async\" class=\"aligncenter size-full wp-image-2394\" alt=\"Obr\u00e1zok 005_1\" src=\"https:\/\/www.crossborderarchives.eu\/files\/2012\/04\/Obr\u00e1zok-005_1.jpg\" width=\"650\" height=\"218\" srcset=\"https:\/\/www.crossborderarchives.eu\/wp-content\/uploads\/2012\/04\/Obr\u00e1zok-005_1.jpg 650w, https:\/\/www.crossborderarchives.eu\/wp-content\/uploads\/2012\/04\/Obr\u00e1zok-005_1-300x100.jpg 300w\" sizes=\"(max-width: 650px) 100vw, 650px\" \/><\/a>DAS STAATSARCHIV IN BRATISLAVA\u00a0<\/strong><\/span><\/h4>\n<h6 style=\"text-align: justify;padding-left: 30px\"><span style=\"color: #000000\"><strong>MIT SEINEN INSGESAMT 1541 ARCHIVBEST\u00c4NDEN UND 8902 LAUFMETERN GEH\u00d6RT DAS STAATSARCHIV ZU DEN GR\u00d6SSTEN ARCHIVEN DER SLOWAKEI.<\/strong><\/span><\/h6>\n<p style=\"text-align: justify;padding-left: 30px\"><span style=\"color: #000000\">Die Dokumente, Schriften und Akten reflektieren\u00a0 die regionale\u00a0 Entwicklung\u00a0 des sozialen, politischen, wirtschaftlichen und kulturellen Lebens des Westslowakischen Raumes und seiner Bev\u00f6lkerung.<\/span><\/p>\n<p style=\"text-align: justify;padding-left: 30px\"><span style=\"color: #000000\">Verwahrt werden beispielsweise:\u00a0<\/span><\/p>\n<ul style=\"text-align: justify\">\n<li><span style=\"color: #000000\">Schriftliche Dokumente des Volksgerichts aus den Jahren 1945 \u2013 1948, mit Informationen zu Verhandlungen und Verfolgungen zahlreicher Verbrechen aus der Zeit des 2.Weltkriegs<\/span><\/li>\n<li><span style=\"color: #000000\">Der Dokumentenbestand der Staatsanwaltschaft aus dem Zeitraum 1919 \u2013 1950 gibt wichtige geschichtliche Hinweise f\u00fcr die Zeit der 1. Tschechoslowakischen Republik<\/span><\/li>\n<li><span style=\"color: #000000\">Das Archivmaterial der ehemaligen Marianischen Provinz der Franziskaner, datierend vom 13. bis in die 40er Jahre des 20. Jahrhunderts, ist eine bedeutende Quelle f\u00fcr die Erforschung slowakischen Kirchengeschichte.<\/span><\/li>\n<li><span style=\"color: #000000\">Die Sammlung der Kirchenmatriken von 1616 \u2013 1895 wird als Quelle f\u00fcr genealogische Forschung, sowie f\u00fcr das\u00a0 Studium\u00a0 von\u00a0 Ortsgeschichten der ganzen Region genutzt.<\/span><\/li>\n<li><span style=\"color: #000000\">Die Archivbest\u00e4nde von Betrieben aus Forst- und Wasserwirtschaft, sowie Dokumente von Bauunternehmen, Chemie- oder Agrarbetrieben haben gro\u00dfe Bedeutung\u00a0 f\u00fcr die Erforschung der wirtschaftlichen Entwicklung der Region.<\/span><\/li>\n<\/ul>\n<p style=\"text-align: justify;padding-left: 30px\"><span style=\"color: #000000\">Die Hauptaufgaben des Archivs sind:<\/span><\/p>\n<ul style=\"text-align: justify\">\n<li><span style=\"color: #000000\">Die Sicherstellung des Archivbestandes<\/span><\/li>\n<li><span style=\"color: #000000\"><a href=\"https:\/\/www.crossborderarchives.eu\/files\/2012\/04\/LogoMVSR_7771.jpg\"><img loading=\"lazy\" decoding=\"async\" class=\"alignright  wp-image-1034\" alt=\"\" src=\"https:\/\/www.crossborderarchives.eu\/files\/2012\/04\/LogoMVSR_7771-150x150.jpg\" width=\"130\" height=\"130\" \/><\/a>Die Sammlung des Archivmaterials, sowie Registrierung von neuen Archivbest\u00e4nden und die Aufl\u00f6sung alter Best\u00e4nde<\/span><\/li>\n<li><span style=\"color: #000000\">Der Schutz des bestehenden Archiverbes<\/span><\/li>\n<li><span style=\"color: #000000\">Die Vermittlung an die \u00d6ffentlichkeit<\/span><\/li>\n<li><span style=\"color: #000000\">Methodische Aktivit\u00e4ten unter anderem Schulungskurse, Konsultationen und Anleitungen zur Nutzung von Archivalien<\/span><\/li>\n<\/ul>\n<p style=\"text-align: justify;padding-left: 30px\"><span style=\"color: #000000\">Das Archiv wird von ungef\u00e4hr 1000 Forschern j\u00e4hrlich besucht. Die Hauptinteressen der Besucher konzentrieren sich vor allem auf die Recherche zu Regionalgeschichten, dem Studium von genealogischen Quellen und der Durchsicht von Prozessakten.<\/span><\/p>\n<h4 style=\"padding-left: 30px\"><strong><span style=\"color: #800000\">DAS ARCHIV DER HAUPTSTADT DER SLOWAKISCHEN REPUBLIK IN BRATISLAVA<\/span><\/strong><\/h4>\n<h6 style=\"text-align: justify;padding-left: 30px\"><span style=\"color: #000000\"><strong>VERWAHRT SCHRIFTLICHE QUELLEN AB DEM JAHRE 1254.<\/strong><\/span><\/h6>\n<h6 style=\"text-align: justify;padding-left: 30px\"><span style=\"color: #000000\">Es besitzt die umfangreichste Sammlung mittelalterlicher Dokumente kommunaler Herkunft in Zentraleuropa.<strong><\/strong><\/span><\/h6>\n<p style=\"text-align: justify;padding-left: 30px\"><span style=\"color: #000000\">Weitere Informationen finden sie auf der <span style=\"text-decoration: underline\"><a href=\"http:\/\/www.minv.sk\/?saba\" target=\"_blank\"><span style=\"color: #000000;text-decoration: underline\">Website des slowakischen Innenministeriums<\/span><\/a><\/span>.<\/span><\/p>\n<p><\/p>","protected":false},"excerpt":{"rendered":"<p>DAS STAATSARCHIV IN BRATISLAVA\u00a0 MIT SEINEN INSGESAMT 1541 ARCHIVBEST\u00c4NDEN UND 8902 LAUFMETERN GEH\u00d6RT DAS STAATSARCHIV ZU DEN GR\u00d6SSTEN ARCHIVEN DER SLOWAKEI. Die Dokumente, Schriften und Akten reflektieren\u00a0 die regionale\u00a0 Entwicklung\u00a0 des sozialen, politischen, wirtschaftlichen und kulturellen Lebens des Westslowakischen Raumes und seiner Bev\u00f6lkerung. Verwahrt werden beispielsweise:\u00a0 Schriftliche Dokumente des Volksgerichts aus den Jahren 1945 \u2013 [&hellip;]<\/p>\n","protected":false},"author":2,"featured_media":0,"parent":258,"menu_order":1,"comment_status":"closed","ping_status":"closed","template":"","meta":{"footnotes":""},"_links":{"self":[{"href":"https:\/\/www.crossborderarchives.eu\/de\/wp-json\/wp\/v2\/pages\/217"}],"collection":[{"href":"https:\/\/www.crossborderarchives.eu\/de\/wp-json\/wp\/v2\/pages"}],"about":[{"href":"https:\/\/www.crossborderarchives.eu\/de\/wp-json\/wp\/v2\/types\/page"}],"author":[{"embeddable":true,"href":"https:\/\/www.crossborderarchives.eu\/de\/wp-json\/wp\/v2\/users\/2"}],"replies":[{"embeddable":true,"href":"https:\/\/www.crossborderarchives.eu\/de\/wp-json\/wp\/v2\/comments?post=217"}],"version-history":[{"count":99,"href":"https:\/\/www.crossborderarchives.eu\/de\/wp-json\/wp\/v2\/pages\/217\/revisions"}],"predecessor-version":[{"id":231,"href":"https:\/\/www.crossborderarchives.eu\/de\/wp-json\/wp\/v2\/pages\/217\/revisions\/231"}],"up":[{"embeddable":true,"href":"https:\/\/www.crossborderarchives.eu\/de\/wp-json\/wp\/v2\/pages\/258"}],"wp:attachment":[{"href":"https:\/\/www.crossborderarchives.eu\/de\/wp-json\/wp\/v2\/media?parent=217"}],"curies":[{"name":"wp","href":"https:\/\/api.w.org\/{rel}","templated":true}]}}