{"id":2164,"date":"2013-04-15T09:42:36","date_gmt":"2013-04-15T07:42:36","guid":{"rendered":"https:\/\/www.crossborderarchives.eu\/?page_id=2164"},"modified":"2015-01-26T12:54:36","modified_gmt":"2015-01-26T11:54:36","slug":"memory-without-borders","status":"publish","type":"page","link":"https:\/\/www.crossborderarchives.eu\/de\/our-goals\/memory-without-borders\/","title":{"rendered":"Unsere Ziele"},"content":{"rendered":"<p><\/p>\n<p style=\"padding-left: 30px;text-align: justify\"><a href=\"https:\/\/www.crossborderarchives.eu\/files\/2013\/04\/OESTA4_ZI1M2088-Nahtlos.png\"><img loading=\"lazy\" decoding=\"async\" class=\"aligncenter size-full wp-image-2582\" src=\"https:\/\/www.crossborderarchives.eu\/files\/2013\/04\/OESTA4_ZI1M2088-Nahtlos.png\" alt=\"OESTA4_ZI1M2088 - Nahtlos\" width=\"780\" height=\"235\" srcset=\"https:\/\/www.crossborderarchives.eu\/wp-content\/uploads\/2013\/04\/OESTA4_ZI1M2088-Nahtlos.png 780w, https:\/\/www.crossborderarchives.eu\/wp-content\/uploads\/2013\/04\/OESTA4_ZI1M2088-Nahtlos-300x90.png 300w\" sizes=\"(max-width: 780px) 100vw, 780px\" \/><\/a><\/p>\n<p style=\"padding-left: 30px;text-align: justify\"><span style=\"color: #000000\">Das Projekt \u201eGed\u00e4chtnis Ohne Grenzen\u201c stellt sich der Herausforderung, ehemals eng verwobene historische Regionen wieder neu zu vereinen und setzt sich zum Ziel neue Verbindungen zwischen Slowakischen und \u00d6sterreichischen Archiven aufzubauen.<br \/>\n<\/span><\/p>\n<p style=\"text-align: justify;padding-left: 30px\"><span style=\"color: #000000\">Durch eine grenz\u00fcberschreitende Zusammenarbeit der Archive und den virtuellen Zugang zu historischen Dokumenten k\u00f6nnen Experten und die interessierte \u00d6ffentlichkeit das Archivmaterial beider L\u00e4nder unter anderem f\u00fcr kulturhistorische Forschungen, Forschungen zur Heimatkunde, im Tourismus, Schulunterricht oder der Erwachsenenbildung einfach und kostenlos nutzen. Eine gemeinsame Online \u2013 Plattform schafft einen grenz\u00fcberschreitenden Wissens- und Erfahrungsaustausch, aber auch gemeinsame wissenschaftliche und technologische Standards.<br \/>\n<\/span><\/p>\n<p style=\"text-align: justify;padding-left: 30px\"><span style=\"color: #000000\"><strong>Daraus ergeben sich f\u00fcr das Projekt \u201eGed\u00e4chtnis ohne Grenzen\u201c folgende Zielsetzungen:<\/strong><\/span><\/p>\n<p style=\"text-align: justify;padding-left: 60px\"><span style=\"color: #000000\"> \u2192 Internationale Vernetzung des modernen Archivwesens<\/span><\/p>\n<p style=\"text-align: justify;padding-left: 60px\"><span style=\"color: #000000\"> \u2192 Grenzenlose und unbeschr\u00e4nkte Bereitstellung von Kulturg\u00fctern f\u00fcr die interessierte \u00d6ffentlichkeit<\/span><\/p>\n<p style=\"text-align: justify;padding-left: 60px\"><span style=\"color: #000000\"> \u2192 F\u00f6rderung des Bewusstseins \u00fcber die Gemeinsamkeiten in der \u00f6sterreichisch-slowakischen Geschichte &amp; Kultur<\/span><\/p>\n<p style=\"text-align: justify;padding-left: 60px\"><span style=\"color: #000000\"> \u2192 Einfacher und uneingeschr\u00e4nkter Zugang zu bedeutsamen schriftlichen historischen Quellen<\/span><\/p>\n<p><\/p>","protected":false},"excerpt":{"rendered":"<p>Das Projekt \u201eGed\u00e4chtnis Ohne Grenzen\u201c stellt sich der Herausforderung, ehemals eng verwobene historische Regionen wieder neu zu vereinen und setzt sich zum Ziel neue Verbindungen zwischen Slowakischen und \u00d6sterreichischen Archiven aufzubauen. Durch eine grenz\u00fcberschreitende Zusammenarbeit der Archive und den virtuellen Zugang zu historischen Dokumenten k\u00f6nnen Experten und die interessierte \u00d6ffentlichkeit das Archivmaterial beider L\u00e4nder unter [&hellip;]<\/p>\n","protected":false},"author":2,"featured_media":0,"parent":206,"menu_order":1,"comment_status":"closed","ping_status":"closed","template":"","meta":{"footnotes":""},"_links":{"self":[{"href":"https:\/\/www.crossborderarchives.eu\/de\/wp-json\/wp\/v2\/pages\/2164"}],"collection":[{"href":"https:\/\/www.crossborderarchives.eu\/de\/wp-json\/wp\/v2\/pages"}],"about":[{"href":"https:\/\/www.crossborderarchives.eu\/de\/wp-json\/wp\/v2\/types\/page"}],"author":[{"embeddable":true,"href":"https:\/\/www.crossborderarchives.eu\/de\/wp-json\/wp\/v2\/users\/2"}],"replies":[{"embeddable":true,"href":"https:\/\/www.crossborderarchives.eu\/de\/wp-json\/wp\/v2\/comments?post=2164"}],"version-history":[{"count":101,"href":"https:\/\/www.crossborderarchives.eu\/de\/wp-json\/wp\/v2\/pages\/2164\/revisions"}],"predecessor-version":[{"id":2167,"href":"https:\/\/www.crossborderarchives.eu\/de\/wp-json\/wp\/v2\/pages\/2164\/revisions\/2167"}],"up":[{"embeddable":true,"href":"https:\/\/www.crossborderarchives.eu\/de\/wp-json\/wp\/v2\/pages\/206"}],"wp:attachment":[{"href":"https:\/\/www.crossborderarchives.eu\/de\/wp-json\/wp\/v2\/media?parent=2164"}],"curies":[{"name":"wp","href":"https:\/\/api.w.org\/{rel}","templated":true}]}}