{"id":211,"date":"2012-04-26T10:57:47","date_gmt":"2012-04-26T08:57:47","guid":{"rendered":"https:\/\/www.crossborderarchives.eu\/?page_id=211"},"modified":"2015-01-26T12:56:07","modified_gmt":"2015-01-26T11:56:07","slug":"financing-2","status":"publish","type":"page","link":"https:\/\/www.crossborderarchives.eu\/de\/our-goals\/financing-2\/","title":{"rendered":"Finanzierung"},"content":{"rendered":"<p><\/p>\n<h4 style=\"padding-left: 30px\"><span style=\"color: #800000\"><strong><a href=\"https:\/\/www.crossborderarchives.eu\/files\/2012\/04\/EURO_M\u00dcNZE.png\"><img loading=\"lazy\" decoding=\"async\" class=\"aligncenter size-full wp-image-1655\" src=\"https:\/\/www.crossborderarchives.eu\/files\/2012\/04\/EURO_M\u00dcNZE.png\" alt=\"\" width=\"780\" height=\"235\" srcset=\"https:\/\/www.crossborderarchives.eu\/wp-content\/uploads\/2012\/04\/EURO_M\u00dcNZE.png 780w, https:\/\/www.crossborderarchives.eu\/wp-content\/uploads\/2012\/04\/EURO_M\u00dcNZE-300x90.png 300w\" sizes=\"(max-width: 780px) 100vw, 780px\" \/><\/a><a href=\"https:\/\/www.crossborderarchives.eu\/files\/2012\/04\/Creating_EU-LOGO.jpg\"><img loading=\"lazy\" decoding=\"async\" class=\"alignright  wp-image-546\" src=\"https:\/\/www.crossborderarchives.eu\/files\/2012\/04\/Creating_EU-LOGO-177x300.jpg\" alt=\"\" width=\"88\" height=\"143\" \/><\/a>CREATING THE FUTURE\u00a0 <\/strong><\/span><\/h4>\n<h6 style=\"padding-left: 30px\"><span style=\"color: #000000\"><strong>PROGRAMM ZUR GRENZ\u00dcBERSCHREITENDEN ZUSAMMENARBEIT SLOWAKEI &#8211; \u00d6STERREICH 2007-2013<\/strong><\/span><\/h6>\n<p style=\"text-align: justify;padding-left: 30px\"><span style=\"color: #000000\">&#8222;Ged\u00e4chtnis ohne Grenzen&#8220; ist Teil des grenz\u00fcberschreitenden EU Programmes\u00a0 \u201eCreating the future\u201c zur F\u00f6rderung der Zusammenarbeit zwischen der Slowakei und \u00d6sterreich. Ziel ist es, die Entstehung einer grenz\u00fcberschreitenden lernenden Region zu unterst\u00fctzen und anzuregen. Das Projekt wurde zu 85% aus Mittel des Europ\u00e4ischen Fonds f\u00fcr regionale Entwicklung (EFRE) und zu 15% durch Nationale Kofinanzierungen oder \u00f6ffentliche Eigenleistungen der Partner getragen. <\/span><\/p>\n<p style=\"padding-left: 30px\"><span style=\"color: #000000\">Alle Informationen zu \u201eCreating the future\u201c finden sie unter <a href=\"http:\/\/www.sk-at.eu\" target=\"_blank\">www.sk-at.eu<\/a><\/span><\/p>\n<p><\/p>","protected":false},"excerpt":{"rendered":"<p>CREATING THE FUTURE\u00a0 PROGRAMM ZUR GRENZ\u00dcBERSCHREITENDEN ZUSAMMENARBEIT SLOWAKEI &#8211; \u00d6STERREICH 2007-2013 &#8222;Ged\u00e4chtnis ohne Grenzen&#8220; ist Teil des grenz\u00fcberschreitenden EU Programmes\u00a0 \u201eCreating the future\u201c zur F\u00f6rderung der Zusammenarbeit zwischen der Slowakei und \u00d6sterreich. Ziel ist es, die Entstehung einer grenz\u00fcberschreitenden lernenden Region zu unterst\u00fctzen und anzuregen. Das Projekt wurde zu 85% aus Mittel des Europ\u00e4ischen Fonds [&hellip;]<\/p>\n","protected":false},"author":2,"featured_media":0,"parent":206,"menu_order":7,"comment_status":"closed","ping_status":"closed","template":"","meta":{"footnotes":""},"_links":{"self":[{"href":"https:\/\/www.crossborderarchives.eu\/de\/wp-json\/wp\/v2\/pages\/211"}],"collection":[{"href":"https:\/\/www.crossborderarchives.eu\/de\/wp-json\/wp\/v2\/pages"}],"about":[{"href":"https:\/\/www.crossborderarchives.eu\/de\/wp-json\/wp\/v2\/types\/page"}],"author":[{"embeddable":true,"href":"https:\/\/www.crossborderarchives.eu\/de\/wp-json\/wp\/v2\/users\/2"}],"replies":[{"embeddable":true,"href":"https:\/\/www.crossborderarchives.eu\/de\/wp-json\/wp\/v2\/comments?post=211"}],"version-history":[{"count":42,"href":"https:\/\/www.crossborderarchives.eu\/de\/wp-json\/wp\/v2\/pages\/211\/revisions"}],"predecessor-version":[{"id":337,"href":"https:\/\/www.crossborderarchives.eu\/de\/wp-json\/wp\/v2\/pages\/211\/revisions\/337"}],"up":[{"embeddable":true,"href":"https:\/\/www.crossborderarchives.eu\/de\/wp-json\/wp\/v2\/pages\/206"}],"wp:attachment":[{"href":"https:\/\/www.crossborderarchives.eu\/de\/wp-json\/wp\/v2\/media?parent=211"}],"curies":[{"name":"wp","href":"https:\/\/api.w.org\/{rel}","templated":true}]}}