{"id":204,"date":"2012-04-26T10:49:55","date_gmt":"2012-04-26T08:49:55","guid":{"rendered":"https:\/\/www.crossborderarchives.eu\/?page_id=204"},"modified":"2013-09-13T10:02:13","modified_gmt":"2013-09-13T08:02:13","slug":"the-initial-situation","status":"publish","type":"page","link":"https:\/\/www.crossborderarchives.eu\/de\/our-goals\/the-initial-situation\/","title":{"rendered":"Die Ausgangssituation"},"content":{"rendered":"<p><\/p>\n<h6 style=\"text-align: justify;padding-left: 30px\"><strong><span style=\"color: #000000\"><a href=\"https:\/\/www.crossborderarchives.eu\/files\/2012\/04\/msvr5_img251-Kopie-3.jpg\"><img loading=\"lazy\" decoding=\"async\" class=\"aligncenter size-full wp-image-150\" alt=\"msvr5_img251-Kopie-3.jpg\" src=\"https:\/\/www.crossborderarchives.eu\/files\/2012\/04\/msvr5_img251-Kopie-3.jpg\" width=\"950\" height=\"200\" srcset=\"https:\/\/www.crossborderarchives.eu\/wp-content\/uploads\/2012\/04\/msvr5_img251-Kopie-3.jpg 950w, https:\/\/www.crossborderarchives.eu\/wp-content\/uploads\/2012\/04\/msvr5_img251-Kopie-3-300x63.jpg 300w\" sizes=\"(max-width: 950px) 100vw, 950px\" \/><\/a>Herausforderungen f\u00fcr Forscher<\/span><\/strong><\/h6>\n<p style=\"text-align: justify;padding-left: 30px\"><span style=\"color: #000000\">Nationale, regionale und kirchliche Archive in \u00d6sterreich und der Slowakei verwahren zahlreiche bedeutsame Dokumente und schriftliche Quellen mit Hinweisen zur historischen Entwicklung der gemeinsamen Grenzregion. <\/span><span style=\"color: #000000\">Diese historischen Quellen bilden einen wesentlichen Bestandteil des kulturellen Erbes Europas und sind nicht nur f\u00fcr Personen aus der \u00f6sterreichisch-slowakischen Grenzregion von gro\u00dfem Wert, sondern ebenso f\u00fcr die breite \u00d6ffentlichkeit.<\/span><\/p>\n<p style=\"text-align: justify;padding-left: 30px\"><span style=\"color: #000000\">Auf Grund einiger Herausforderungen wurden die archivierten Schriftst\u00fccke nur wenig f\u00fcr die kulturelle und touristische Vermarktung historischer Einrichtungen wie unter anderem Burgen, Kirchen, Kl\u00f6stern oder gar ganzer Ortschaften und St\u00e4dten genutzt. Auch die Forschungslust der breiten \u00d6ffentlichkeit zu ihrer eigenen Geschichte wurde bisher durch verschiedene H\u00fcrden oft gehemmt. <\/span><span style=\"color: #000000\">Vor allem Sprache, Lesbarkeit der alten Schriften, ihre dezentralisierte Lagerung und der beschr\u00e4nkter Zugang zu den Dokumenten bilden die h\u00e4ufigsten H\u00fcrden bei deren Erforschung. Ihr freier Online-Zugang erm\u00f6glicht nun eine neue grenz- und zeitlose Nutzung.<\/span><\/p>\n<h6 style=\"text-align: justify;padding-left: 30px\"><strong><span style=\"color: #000000\">Herausforderungen f\u00fcr Archive<\/span><\/strong><\/h6>\n<p style=\"text-align: justify;padding-left: 30px\"><span style=\"color: #000000\">In den vergangenen Jahren wandeln sich Archive immer mehr von rein analogen hin zu digitalen Informationsdienstleistern \u2013 der Weg in eine virtuelle Zukunft hat begonnen. <\/span><span style=\"color: #000000\">Durch eine internationale Vernetzung und Kooperation k\u00f6nnen die einzelnen Erfahrungen besser gemeinschaftlich genutzt und aufkommende Fragestellungen effizienter gel\u00f6st werden, denn historische Schriftst\u00fccke bringen im Vergleich zu gedruckten B\u00fcchern zahlreiche Besonderheiten mit sich. Jedes Dokument ist in seiner Einzigartigkeit zu betrachten. Ihr vielseitiger Charakter zeigt sich anhand der verwendeten Materialien (u.a. Papier oder Pergament), der uneinheitlichen Formate, Erhaltungszust\u00e4nde und den vielf\u00e4ltigen Inhalten. <\/span><\/p>\n<p style=\"text-align: justify;padding-left: 30px\"><span style=\"color: #000000\">Durch diese Besonderheiten er\u00f6ffnen sich zahlreiche bisher unbekannte technische Fragestellungen f\u00fcr die Archive:<\/span><\/p>\n<p style=\"text-align: justify;padding-left: 30px\"><span style=\"color: #000000\">\u2022 Welcher Scanner eignet sich am besten zur Digitalisierung der Dokumente?<\/span><br \/>\n<span style=\"color: #000000\">\u2022 Welcher Winkel muss f\u00fcr die Aufnahmen genutzt werden, um alles erfassen zu k\u00f6nnen?<\/span><br \/>\n<span style=\"color: #000000\">\u2022 Welche Form der Datenbank eignet sich zuk\u00fcnftig am besten f\u00fcr die einfache Suche nach digitalisierten B\u00fcchern, Urkunden oder historischen Texten?<\/span><\/p>\n<p style=\"text-align: justify;padding-left: 30px\"><span style=\"color: #000000\">Diesen Herausforderungen gilt es sich zu stellen und die Erfahrungen auch an andere Archive weiter zu geben.<\/span><\/p>\n<p><\/p>","protected":false},"excerpt":{"rendered":"<p>Herausforderungen f\u00fcr Forscher Nationale, regionale und kirchliche Archive in \u00d6sterreich und der Slowakei verwahren zahlreiche bedeutsame Dokumente und schriftliche Quellen mit Hinweisen zur historischen Entwicklung der gemeinsamen Grenzregion. Diese historischen Quellen bilden einen wesentlichen Bestandteil des kulturellen Erbes Europas und sind nicht nur f\u00fcr Personen aus der \u00f6sterreichisch-slowakischen Grenzregion von gro\u00dfem Wert, sondern ebenso f\u00fcr [&hellip;]<\/p>\n","protected":false},"author":2,"featured_media":0,"parent":206,"menu_order":3,"comment_status":"closed","ping_status":"closed","template":"","meta":{"footnotes":""},"_links":{"self":[{"href":"https:\/\/www.crossborderarchives.eu\/de\/wp-json\/wp\/v2\/pages\/204"}],"collection":[{"href":"https:\/\/www.crossborderarchives.eu\/de\/wp-json\/wp\/v2\/pages"}],"about":[{"href":"https:\/\/www.crossborderarchives.eu\/de\/wp-json\/wp\/v2\/types\/page"}],"author":[{"embeddable":true,"href":"https:\/\/www.crossborderarchives.eu\/de\/wp-json\/wp\/v2\/users\/2"}],"replies":[{"embeddable":true,"href":"https:\/\/www.crossborderarchives.eu\/de\/wp-json\/wp\/v2\/comments?post=204"}],"version-history":[{"count":82,"href":"https:\/\/www.crossborderarchives.eu\/de\/wp-json\/wp\/v2\/pages\/204\/revisions"}],"predecessor-version":[{"id":376,"href":"https:\/\/www.crossborderarchives.eu\/de\/wp-json\/wp\/v2\/pages\/204\/revisions\/376"}],"up":[{"embeddable":true,"href":"https:\/\/www.crossborderarchives.eu\/de\/wp-json\/wp\/v2\/pages\/206"}],"wp:attachment":[{"href":"https:\/\/www.crossborderarchives.eu\/de\/wp-json\/wp\/v2\/media?parent=204"}],"curies":[{"name":"wp","href":"https:\/\/api.w.org\/{rel}","templated":true}]}}